{"id":2,"date":"2020-06-01T03:50:09","date_gmt":"2020-06-01T03:50:09","guid":{"rendered":"https:\/\/www.gnllojistik.com.tr\/?page_id=2"},"modified":"2024-02-13T16:53:49","modified_gmt":"2024-02-13T13:53:49","slug":"home","status":"publish","type":"page","link":"https:\/\/www.gnllojistik.com.tr\/en\/","title":{"rendered":"Anasayfa"},"content":{"rendered":"<div id=\"services\" class=\"vc_row wpb_row vc_custom_1640601587979 porto-inner-container\"><div class=\"porto-wrap-container container\"><div class=\"row\"><div class=\"vc_column_container col-md-12\"><div class=\"wpb_wrapper vc_column-inner\"><div class=\"vc_separator vc_text_separator vc_separator_align_center vc_sep_width_100 vc_sep_pos_align_center\">\n\t<span class=\"vc_sep_holder vc_sep_holder_l\"><span style=\"background-image: -webkit-linear-gradient(left, transparent, grey);\t background-image: linear-gradient(to right, transparent, grey);\" class=\"vc_sep_line\"><\/span><\/span>\n\t\t\t\t<h4>Services We Offer<\/h4>\t<span class=\"vc_sep_holder vc_sep_holder_r\"><span style=\"background-image: -webkit-linear-gradient(left, grey, transparent);\t background-image: linear-gradient(to right, grey, transparent);\" class=\"vc_sep_line\"><\/span><\/span>\n<\/div>\n<div class=\"porto-carousel owl-carousel has-ccols ccols-xl-4 ccols-lg-4 ccols-md-3 ccols-sm-2 ccols-1 mt-4 mb-0 text-center dots-style-1\" data-plugin-options=\"{&quot;stagePadding&quot;:0,&quot;margin&quot;:18,&quot;autoplay&quot;:false,&quot;autoplayTimeout&quot;:5000,&quot;autoplayHoverPause&quot;:false,&quot;items&quot;:4,&quot;lg&quot;:4,&quot;md&quot;:3,&quot;sm&quot;:2,&quot;xs&quot;:1,&quot;nav&quot;:false,&quot;dots&quot;:&quot;yes&quot;,&quot;animateIn&quot;:&quot;&quot;,&quot;animateOut&quot;:&quot;&quot;,&quot;loop&quot;:false,&quot;center&quot;:false,&quot;video&quot;:false,&quot;lazyLoad&quot;:false,&quot;fullscreen&quot;:false}\"><div class=\"porto-ultimate-content-box-container custom-card\" data-appear-animation=\"fadeIn\"><style>#porto_ucb_2788{will-change: box-shadow;box-shadow: none;}#porto_ucb_2788:hover{box-shadow:0px 0px 20px -5px rgba(0,0,0,0.1)}<\/style><div class=\"porto-ultimate-content-box vc_custom_1640611085164\" style=\"border:1px solid rgba(0,0,0,0.06);\" id=\"porto_ucb_2788\">\n\t<div class=\"wpb_single_image wpb_content_element vc_align_center\">\n\t\t<div class=\"wpb_wrapper\">\n\t\t\t\n\t\t\t<div class=\"vc_single_image-wrapper   vc_box_border_grey\"><img loading=\"lazy\" decoding=\"async\" width=\"190\" height=\"190\" src=\"https:\/\/www.gnllojistik.com.tr\/wp-content\/uploads\/2022\/01\/Anasayfa1.webp\" class=\"vc_single_image-img attachment-full\" alt=\"\" \/><\/div>\n\t\t<\/div>\n\t<\/div>\n<h4 style=\"font-size: 1.5em;line-height: 1.3;text-align: center\" class=\"vc_custom_heading mb-3\">Highway Transports<\/h4><div class=\"vc_btn3-container vc_btn3-center\" >\n\t<a class=\"vc_general vc_btn3 vc_btn3-size-md vc_btn3-shape-default vc_btn3-style-classic vc_btn3-color-grey btn\" href=\"https:\/\/www.gnllojistik.com.tr\/en\/karayolu-tasimaciligi\/\" title=\"Highway Transports\">More \u0130nformation<\/a>\t<\/div>\n<\/div><\/div><div class=\"porto-ultimate-content-box-container custom-card\" data-appear-animation=\"fadeIn\" data-appear-animation-delay=\"200\"><style>#porto_ucb_4773{will-change: box-shadow;box-shadow: none;}#porto_ucb_4773:hover{box-shadow:0px 0px 20px -5px rgba(0,0,0,0.1)}<\/style><div class=\"porto-ultimate-content-box vc_custom_1591082041815\" style=\"border:1px solid rgba(0,0,0,0.06);\" id=\"porto_ucb_4773\">\n\t<div class=\"wpb_single_image wpb_content_element vc_align_center\">\n\t\t<div class=\"wpb_wrapper\">\n\t\t\t\n\t\t\t<div class=\"vc_single_image-wrapper   vc_box_border_grey\"><img loading=\"lazy\" decoding=\"async\" width=\"190\" height=\"190\" src=\"https:\/\/www.gnllojistik.com.tr\/wp-content\/uploads\/2022\/01\/Anasayfa2.webp\" class=\"vc_single_image-img attachment-full\" alt=\"\" \/><\/div>\n\t\t<\/div>\n\t<\/div>\n<h4 style=\"font-size: 1.5em;line-height: 1.3;text-align: center\" class=\"vc_custom_heading mb-3\">Highway Transports<\/h4><div class=\"vc_btn3-container vc_btn3-center\" >\n\t<a class=\"vc_general vc_btn3 vc_btn3-size-md vc_btn3-shape-default vc_btn3-style-classic vc_btn3-color-grey btn\" href=\"https:\/\/www.gnllojistik.com.tr\/en\/havayolu-tasimaciligi\/\" title=\"Airways Transporting\">More \u0130nformation<\/a>\t<\/div>\n<\/div><\/div><div class=\"porto-ultimate-content-box-container custom-card\" data-appear-animation=\"fadeIn\" data-appear-animation-delay=\"400\"><style>#porto_ucb_5292{will-change: box-shadow;box-shadow: none;}#porto_ucb_5292:hover{box-shadow:0px 0px 20px -5px rgba(0,0,0,0.1)}<\/style><div class=\"porto-ultimate-content-box vc_custom_1591082049643\" style=\"border:1px solid rgba(0,0,0,0.06);\" id=\"porto_ucb_5292\">\n\t<div class=\"wpb_single_image wpb_content_element vc_align_center\">\n\t\t<div class=\"wpb_wrapper\">\n\t\t\t\n\t\t\t<div class=\"vc_single_image-wrapper   vc_box_border_grey\"><img loading=\"lazy\" decoding=\"async\" width=\"190\" height=\"190\" src=\"https:\/\/www.gnllojistik.com.tr\/wp-content\/uploads\/2022\/01\/Anasayfa3.webp\" class=\"vc_single_image-img attachment-full\" alt=\"\" \/><\/div>\n\t\t<\/div>\n\t<\/div>\n<h4 style=\"font-size: 1.5em;line-height: 1.3;text-align: center\" class=\"vc_custom_heading mb-3\">Maritime Transport<\/h4><div class=\"vc_btn3-container vc_btn3-center\" >\n\t<a class=\"vc_general vc_btn3 vc_btn3-size-md vc_btn3-shape-default vc_btn3-style-classic vc_btn3-color-grey btn\" href=\"https:\/\/www.gnllojistik.com.tr\/en\/denizyolu-tasimaciligi\/\" title=\"Maritime Transport\">More \u0130nformation<\/a>\t<\/div>\n<\/div><\/div><div class=\"porto-ultimate-content-box-container custom-card\" data-appear-animation=\"fadeIn\" data-appear-animation-delay=\"600\"><style>#porto_ucb_7742{will-change: box-shadow;box-shadow: none;}#porto_ucb_7742:hover{box-shadow:0px 0px 20px -5px rgba(0,0,0,0.1)}<\/style><div class=\"porto-ultimate-content-box vc_custom_1591082060193\" style=\"border:1px solid rgba(0,0,0,0.06);\" id=\"porto_ucb_7742\">\n\t<div class=\"wpb_single_image wpb_content_element vc_align_center\">\n\t\t<div class=\"wpb_wrapper\">\n\t\t\t\n\t\t\t<div class=\"vc_single_image-wrapper   vc_box_border_grey\"><img loading=\"lazy\" decoding=\"async\" width=\"190\" height=\"190\" src=\"https:\/\/www.gnllojistik.com.tr\/wp-content\/uploads\/2022\/01\/Anasayfa4.webp\" class=\"vc_single_image-img attachment-full\" alt=\"\" \/><\/div>\n\t\t<\/div>\n\t<\/div>\n<h4 style=\"font-size: 1.5em;line-height: 1.3;text-align: center\" class=\"vc_custom_heading mb-3\">Railway Transport<\/h4><div class=\"vc_btn3-container vc_btn3-center\" >\n\t<a class=\"vc_general vc_btn3 vc_btn3-size-md vc_btn3-shape-default vc_btn3-style-classic vc_btn3-color-grey btn\" href=\"https:\/\/www.gnllojistik.com.tr\/en\/demiryolu-tasimaciligi\/\" title=\"Railway Transport\">More \u0130nformation<\/a>\t<\/div>\n<\/div><\/div><\/div><div class=\"porto-carousel owl-carousel has-ccols ccols-xl-4 ccols-lg-4 ccols-md-3 ccols-sm-2 ccols-1 mt-4 mb-0 text-center dots-style-1\" data-plugin-options=\"{&quot;stagePadding&quot;:0,&quot;margin&quot;:18,&quot;autoplay&quot;:false,&quot;autoplayTimeout&quot;:5000,&quot;autoplayHoverPause&quot;:false,&quot;items&quot;:4,&quot;lg&quot;:4,&quot;md&quot;:3,&quot;sm&quot;:2,&quot;xs&quot;:1,&quot;nav&quot;:false,&quot;dots&quot;:&quot;yes&quot;,&quot;animateIn&quot;:&quot;&quot;,&quot;animateOut&quot;:&quot;&quot;,&quot;loop&quot;:false,&quot;center&quot;:false,&quot;video&quot;:false,&quot;lazyLoad&quot;:false,&quot;fullscreen&quot;:false}\"><div class=\"porto-ultimate-content-box-container custom-card\" data-appear-animation=\"fadeIn\"><style>#porto_ucb_5551{will-change: box-shadow;box-shadow: none;}#porto_ucb_5551:hover{box-shadow:0px 0px 20px -5px rgba(0,0,0,0.1)}<\/style><div class=\"porto-ultimate-content-box vc_custom_1640611085164\" style=\"border:1px solid rgba(0,0,0,0.06);\" id=\"porto_ucb_5551\">\n\t<div class=\"wpb_single_image wpb_content_element vc_align_center\">\n\t\t<div class=\"wpb_wrapper\">\n\t\t\t\n\t\t\t<div class=\"vc_single_image-wrapper   vc_box_border_grey\"><img loading=\"lazy\" decoding=\"async\" width=\"190\" height=\"190\" src=\"https:\/\/www.gnllojistik.com.tr\/wp-content\/uploads\/2022\/01\/Anasayfa5.webp\" class=\"vc_single_image-img attachment-full\" alt=\"\" \/><\/div>\n\t\t<\/div>\n\t<\/div>\n<h4 style=\"font-size: 1.5em;line-height: 1.3;text-align: center\" class=\"vc_custom_heading mb-3\">Multimodal Transport<\/h4><div class=\"vc_btn3-container vc_btn3-center\" >\n\t<a class=\"vc_general vc_btn3 vc_btn3-size-md vc_btn3-shape-default vc_btn3-style-classic vc_btn3-color-grey btn\" href=\"https:\/\/www.gnllojistik.com.tr\/en\/multimodal-tasimacilik\/\" title=\"Multimodal Transport\">More \u0130nformation<\/a>\t<\/div>\n<\/div><\/div><div class=\"porto-ultimate-content-box-container custom-card\" data-appear-animation=\"fadeIn\" data-appear-animation-delay=\"200\"><style>#porto_ucb_8779{will-change: box-shadow;box-shadow: none;}#porto_ucb_8779:hover{box-shadow:0px 0px 20px -5px rgba(0,0,0,0.1)}<\/style><div class=\"porto-ultimate-content-box vc_custom_1591082041815\" style=\"border:1px solid rgba(0,0,0,0.06);\" id=\"porto_ucb_8779\">\n\t<div class=\"wpb_single_image wpb_content_element vc_align_center\">\n\t\t<div class=\"wpb_wrapper\">\n\t\t\t\n\t\t\t<div class=\"vc_single_image-wrapper   vc_box_border_grey\"><img loading=\"lazy\" decoding=\"async\" width=\"190\" height=\"190\" src=\"https:\/\/www.gnllojistik.com.tr\/wp-content\/uploads\/2022\/01\/Anasayfa6.webp\" class=\"vc_single_image-img attachment-full\" alt=\"\" \/><\/div>\n\t\t<\/div>\n\t<\/div>\n<h4 style=\"font-size: 1.5em;line-height: 1.3;text-align: center\" class=\"vc_custom_heading mb-3\">Partial Transportation<\/h4><div class=\"vc_btn3-container vc_btn3-center\" >\n\t<a class=\"vc_general vc_btn3 vc_btn3-size-md vc_btn3-shape-default vc_btn3-style-classic vc_btn3-color-grey btn\" href=\"https:\/\/www.gnllojistik.com.tr\/en\/parsiyel-tasimacilik\/\" title=\"Partial Transportation\">More \u0130nformation<\/a>\t<\/div>\n<\/div><\/div><div class=\"porto-ultimate-content-box-container custom-card\" data-appear-animation=\"fadeIn\" data-appear-animation-delay=\"400\"><style>#porto_ucb_9198{will-change: box-shadow;box-shadow: none;}#porto_ucb_9198:hover{box-shadow:0px 0px 20px -5px rgba(0,0,0,0.1)}<\/style><div class=\"porto-ultimate-content-box vc_custom_1591082049643\" style=\"border:1px solid rgba(0,0,0,0.06);\" id=\"porto_ucb_9198\">\n\t<div class=\"wpb_single_image wpb_content_element vc_align_center\">\n\t\t<div class=\"wpb_wrapper\">\n\t\t\t\n\t\t\t<div class=\"vc_single_image-wrapper   vc_box_border_grey\"><img loading=\"lazy\" decoding=\"async\" width=\"197\" height=\"199\" src=\"https:\/\/www.gnllojistik.com.tr\/wp-content\/uploads\/2022\/01\/fuar-deneme.webp\" class=\"vc_single_image-img attachment-full\" alt=\"\" \/><\/div>\n\t\t<\/div>\n\t<\/div>\n<h4 style=\"font-size: 1.5em;line-height: 1.3;text-align: center\" class=\"vc_custom_heading mb-3\">Fair Transportation<\/h4><div class=\"vc_btn3-container vc_btn3-center\" >\n\t<a class=\"vc_general vc_btn3 vc_btn3-size-md vc_btn3-shape-default vc_btn3-style-classic vc_btn3-color-grey btn\" href=\"https:\/\/www.gnllojistik.com.tr\/en\/fuar-tasimaciligi\/\" title=\"Fair Transportation\">More \u0130nformation<\/a>\t<\/div>\n<\/div><\/div><div class=\"porto-ultimate-content-box-container custom-card\" data-appear-animation=\"fadeIn\" data-appear-animation-delay=\"600\"><style>#porto_ucb_3951{will-change: box-shadow;box-shadow: none;}#porto_ucb_3951:hover{box-shadow:0px 0px 20px -5px rgba(0,0,0,0.1)}<\/style><div class=\"porto-ultimate-content-box vc_custom_1591082060193\" style=\"border:1px solid rgba(0,0,0,0.06);\" id=\"porto_ucb_3951\">\n\t<div class=\"wpb_single_image wpb_content_element vc_align_center\">\n\t\t<div class=\"wpb_wrapper\">\n\t\t\t\n\t\t\t<div class=\"vc_single_image-wrapper   vc_box_border_grey\"><img loading=\"lazy\" decoding=\"async\" width=\"190\" height=\"190\" src=\"https:\/\/www.gnllojistik.com.tr\/wp-content\/uploads\/2022\/01\/anasayfa7.webp\" class=\"vc_single_image-img attachment-full\" alt=\"\" \/><\/div>\n\t\t<\/div>\n\t<\/div>\n<h4 style=\"font-size: 1.5em;line-height: 1.3;text-align: center\" class=\"vc_custom_heading mb-3\">Project Transportation<\/h4><div class=\"vc_btn3-container vc_btn3-center\" >\n\t<a class=\"vc_general vc_btn3 vc_btn3-size-md vc_btn3-shape-default vc_btn3-style-classic vc_btn3-color-grey btn\" href=\"https:\/\/www.gnllojistik.com.tr\/en\/proje-tasimaciligi\/\" title=\"Project Transportation\">More \u0130nformation<\/a>\t<\/div>\n<\/div><\/div><\/div><\/div><\/div><\/div><\/div><\/div><section class=\"vc_section vc_custom_1640638106392\"><div class=\"vc_row wpb_row row\"><div class=\"vc_column_container col-md-12\"><div class=\"wpb_wrapper vc_column-inner\"><div class=\"porto-carousel owl-carousel has-ccols ccols-xl-6 ccols-lg-4 ccols-md-3 ccols-sm-2 ccols-1 stage-margin\" data-plugin-options=\"{&quot;stagePadding&quot;:40,&quot;margin&quot;:10,&quot;autoplay&quot;:&quot;yes&quot;,&quot;autoplayTimeout&quot;:5000,&quot;autoplayHoverPause&quot;:false,&quot;items&quot;:6,&quot;lg&quot;:4,&quot;md&quot;:3,&quot;sm&quot;:2,&quot;xs&quot;:1,&quot;nav&quot;:&quot;yes&quot;,&quot;dots&quot;:false,&quot;animateIn&quot;:&quot;&quot;,&quot;animateOut&quot;:&quot;&quot;,&quot;loop&quot;:false,&quot;center&quot;:false,&quot;video&quot;:false,&quot;lazyLoad&quot;:false,&quot;fullscreen&quot;:false}\">\n\t<div class=\"wpb_single_image wpb_content_element vc_align_center\">\n\t\t<div class=\"wpb_wrapper\">\n\t\t\t\n\t\t\t<div class=\"vc_single_image-wrapper   vc_box_border_grey\"><img loading=\"lazy\" decoding=\"async\" width=\"120\" height=\"120\" src=\"https:\/\/www.gnllojistik.com.tr\/wp-content\/uploads\/2021\/12\/utikad.webp\" class=\"vc_single_image-img attachment-full\" alt=\"\" \/><\/div>\n\t\t<\/div>\n\t<\/div>\n\n\t<div class=\"wpb_single_image wpb_content_element vc_align_center\">\n\t\t<div class=\"wpb_wrapper\">\n\t\t\t\n\t\t\t<div class=\"vc_single_image-wrapper   vc_box_border_grey\"><img loading=\"lazy\" decoding=\"async\" width=\"120\" height=\"120\" src=\"https:\/\/www.gnllojistik.com.tr\/wp-content\/uploads\/2021\/12\/w.webp\" class=\"vc_single_image-img attachment-full\" alt=\"\" \/><\/div>\n\t\t<\/div>\n\t<\/div>\n\n\t<div class=\"wpb_single_image wpb_content_element vc_align_center\">\n\t\t<div class=\"wpb_wrapper\">\n\t\t\t\n\t\t\t<div class=\"vc_single_image-wrapper   vc_box_border_grey\"><img loading=\"lazy\" decoding=\"async\" width=\"120\" height=\"120\" src=\"https:\/\/www.gnllojistik.com.tr\/wp-content\/uploads\/2021\/12\/F.webp\" class=\"vc_single_image-img attachment-full\" alt=\"\" \/><\/div>\n\t\t<\/div>\n\t<\/div>\n\n\t<div class=\"wpb_single_image wpb_content_element vc_align_center\">\n\t\t<div class=\"wpb_wrapper\">\n\t\t\t\n\t\t\t<div class=\"vc_single_image-wrapper   vc_box_border_grey\"><img loading=\"lazy\" decoding=\"async\" width=\"120\" height=\"120\" src=\"https:\/\/www.gnllojistik.com.tr\/wp-content\/uploads\/2021\/12\/iada.webp\" class=\"vc_single_image-img attachment-full\" alt=\"\" \/><\/div>\n\t\t<\/div>\n\t<\/div>\n\n\t<div class=\"wpb_single_image wpb_content_element vc_align_center\">\n\t\t<div class=\"wpb_wrapper\">\n\t\t\t\n\t\t\t<div class=\"vc_single_image-wrapper   vc_box_border_grey\"><img loading=\"lazy\" decoding=\"async\" width=\"120\" height=\"120\" src=\"https:\/\/www.gnllojistik.com.tr\/wp-content\/uploads\/2021\/12\/und.webp\" class=\"vc_single_image-img attachment-full\" alt=\"\" \/><\/div>\n\t\t<\/div>\n\t<\/div>\n\n\t<div class=\"wpb_single_image wpb_content_element vc_align_center\">\n\t\t<div class=\"wpb_wrapper\">\n\t\t\t\n\t\t\t<div class=\"vc_single_image-wrapper   vc_box_border_grey\"><img loading=\"lazy\" decoding=\"async\" width=\"120\" height=\"120\" src=\"https:\/\/www.gnllojistik.com.tr\/wp-content\/uploads\/2021\/12\/iso.webp\" class=\"vc_single_image-img attachment-full\" alt=\"\" \/><\/div>\n\t\t<\/div>\n\t<\/div>\n\n\t<div class=\"wpb_single_image wpb_content_element vc_align_center\">\n\t\t<div class=\"wpb_wrapper\">\n\t\t\t\n\t\t\t<div class=\"vc_single_image-wrapper   vc_box_border_grey\"><img loading=\"lazy\" decoding=\"async\" width=\"120\" height=\"120\" src=\"https:\/\/www.gnllojistik.com.tr\/wp-content\/uploads\/2024\/02\/Resim1-1.png\" class=\"vc_single_image-img attachment-medium\" alt=\"\" \/><\/div>\n\t\t<\/div>\n\t<\/div>\n<\/div><\/div><\/div><\/div><\/section><section class=\"vc_section\"><div class=\"vc_row wpb_row row vc_custom_1640635251178 section section-default mt-0 section-no-borders vc_row-o-content-middle vc_row-flex\"><div class=\"mb-md-5 mb-xl-4 pb-xl-5 vc_column_container col-md-8 col-xl-6\"><div class=\"wpb_wrapper vc_column-inner\">\n\t<div class=\"wpb_single_image wpb_content_element vc_align_center\">\n\t\t<div class=\"wpb_wrapper\">\n\t\t\t\n\t\t\t<div class=\"vc_single_image-wrapper   vc_box_border_grey\"><img loading=\"lazy\" decoding=\"async\" width=\"400\" height=\"400\" src=\"https:\/\/www.gnllojistik.com.tr\/wp-content\/uploads\/2021\/12\/a2.webp\" class=\"vc_single_image-img attachment-full\" alt=\"\" srcset=\"https:\/\/www.gnllojistik.com.tr\/wp-content\/uploads\/2021\/12\/a2.webp 400w, https:\/\/www.gnllojistik.com.tr\/wp-content\/uploads\/2021\/12\/a2-367x367.webp 367w\" sizes=\"auto, (max-width: 400px) 100vw, 400px\" \/><\/div>\n\t\t<\/div>\n\t<\/div>\n<\/div><\/div><div class=\"pl-md-4 pl-xl-5 py-lg-5 pt-xl-0 vc_column_container col-md-12 col-xl-6\"><div class=\"wpb_wrapper vc_column-inner\"><p  class=\"vc_custom_heading mt-5 mb-1 align-left\">The Target is High, Confidence Needs to be Carried<\/p><h2 style=\"font-size: 1.75rem;line-height: 1\" class=\"vc_custom_heading mb-2 align-left\">Gnl Logistics Services<\/h2><p  class=\"vc_custom_heading mb-3 align-left\">GNL LOGISTICS Our company, with its professional and expert staff in international transportation and foreign trade, provides service in line with the demands of our customers. It acts as a \"bridge\" between Turkey, Iran, Turkmenistan, Kazakhstan, Uzbekistan, Azerbaijan, Middle East, Far East and European countries in professional, fast and safe road transport.<\/p><p style=\"font-weight:700\" class=\"vc_custom_heading mb-3 align-left heading-primary\"><a href=\"https:\/\/www.gnllojistik.com.tr\/en\/hakkimizda\/\" title=\"About Us\">For More \u0130nformation ;<\/a><\/p><div class=\"vc_row wpb_row vc_inner row mb-4\"><div class=\"my-4 mb-lg-0 vc_column_container col-md-6 col-lg-3 col-6\"><div class=\"wpb_wrapper vc_column-inner\"><div class=\"stats-block stats-top  mb-0\"><div class=\"stats-desc\"><div id=\"counter_8867516006a046520a175b\" data-id=\"counter_8867516006a046520a175b\" class=\"stats-number\" style=\" font-weight:700;font-size:35px;line-height:1;color:#220c3c;\" data-speed=\"3\" data-counter-value=\"9\" data-separator=\",\" data-decimal=\".\">0<\/div><div class=\"counter_suffix mycust\" style=\" font-weight:700;font-size:35px;line-height:1;color:#220c3c\">+<\/div><div class=\"stats-text\" style=\"font-weight:300;font-size:.9em;line-height:1.2;color:#220c3c;\">Foundation Year<\/div><\/div><\/div><\/div><\/div><div class=\"my-4 mb-lg-0 vc_column_container col-md-6 col-lg-3 col-6\"><div class=\"wpb_wrapper vc_column-inner\"><div class=\"stats-block stats-top  mb-0\"><div class=\"stats-desc\"><div id=\"counter_1109315776a046520a18a2\" data-id=\"counter_1109315776a046520a18a2\" class=\"stats-number\" style=\" font-weight:700;font-size:35px;line-height:1;color:#220c3c;\" data-speed=\"3\" data-counter-value=\"10000\" data-separator=\",\" data-decimal=\".\">0<\/div><div class=\"counter_suffix mycust\" style=\" font-weight:700;font-size:35px;line-height:1;color:#220c3c\">+<\/div><div class=\"stats-text\" style=\"font-weight:300;font-size:.9em;line-height:1.2;color:#220c3c;\">Foundation Year<\/div><\/div><\/div><\/div><\/div><div class=\"my-4 mb-sm-0 vc_column_container col-md-6 col-lg-3 col-6\"><div class=\"wpb_wrapper vc_column-inner\"><div class=\"stats-block stats-top  mb-0\"><div class=\"stats-desc\"><div id=\"counter_4956350556a046520a19b6\" data-id=\"counter_4956350556a046520a19b6\" class=\"stats-number\" style=\" font-weight:700;font-size:35px;line-height:1;color:#220c3c;\" data-speed=\"3\" data-counter-value=\"4000\" data-separator=\"none\" data-decimal=\".\">0<\/div><div class=\"counter_suffix mycust\" style=\" font-weight:700;font-size:35px;line-height:1;color:#220c3c\">+<\/div><div class=\"stats-text\" style=\"font-weight:300;font-size:.9em;line-height:1.2;color:#220c3c;\">Satisfied Customer<\/div><\/div><\/div><\/div><\/div><div class=\"mt-4 vc_column_container col-md-6 col-lg-3 col-6\"><div class=\"wpb_wrapper vc_column-inner\"><div class=\"stats-block stats-top  mb-0\"><div class=\"stats-desc\"><div id=\"counter_10685619846a046520a1ad0\" data-id=\"counter_10685619846a046520a1ad0\" class=\"stats-number\" style=\" font-weight:700;font-size:35px;line-height:1;color:#220c3c;\" data-speed=\"3\" data-counter-value=\"250\" data-separator=\",\" data-decimal=\".\">0<\/div><div class=\"counter_suffix mycust\" style=\" font-weight:700;font-size:35px;line-height:1;color:#220c3c\">+<\/div><div class=\"stats-text\" style=\"font-weight:300;font-size:.9em;line-height:1.2;color:#220c3c;\">Our Projects<\/div><\/div><\/div><\/div><\/div><\/div><div class=\"vc_row wpb_row vc_inner row\"><div class=\"vc_column_container col-md-4\"><div class=\"wpb_wrapper vc_column-inner\">\n\t<div class=\"wpb_single_image wpb_content_element vc_align_center\">\n\t\t<div class=\"wpb_wrapper\">\n\t\t\t\n\t\t\t<a href=\"https:\/\/www.gnllojistik.com.tr\/en\/tir-olculeri\/\" target=\"_self\"><div class=\"vc_single_image-wrapper   vc_box_border_grey\"><img loading=\"lazy\" decoding=\"async\" width=\"168\" height=\"154\" src=\"https:\/\/www.gnllojistik.com.tr\/wp-content\/uploads\/2022\/01\/Tir-ENG.webp\" class=\"vc_single_image-img attachment-full\" alt=\"\" \/><\/div><\/a>\n\t\t<\/div>\n\t<\/div>\n<\/div><\/div><div class=\"vc_column_container col-md-4\"><div class=\"wpb_wrapper vc_column-inner\">\n\t<div class=\"wpb_single_image wpb_content_element vc_align_center\">\n\t\t<div class=\"wpb_wrapper\">\n\t\t\t\n\t\t\t<a href=\"https:\/\/www.gnllojistik.com.tr\/en\/konteyner-olculeri\/\" target=\"_self\"><div class=\"vc_single_image-wrapper   vc_box_border_grey\"><img loading=\"lazy\" decoding=\"async\" width=\"166\" height=\"154\" src=\"https:\/\/www.gnllojistik.com.tr\/wp-content\/uploads\/2022\/01\/konteyne-eng.webp\" class=\"vc_single_image-img attachment-full\" alt=\"\" \/><\/div><\/a>\n\t\t<\/div>\n\t<\/div>\n<\/div><\/div><div class=\"vc_column_container col-md-4\"><div class=\"wpb_wrapper vc_column-inner\">\n\t<div class=\"wpb_single_image wpb_content_element vc_align_center\">\n\t\t<div class=\"wpb_wrapper\">\n\t\t\t\n\t\t\t<a href=\"https:\/\/www.gnllojistik.com.tr\/en\/ucak-olculeri\/\" target=\"_self\"><div class=\"vc_single_image-wrapper   vc_box_border_grey\"><img loading=\"lazy\" decoding=\"async\" width=\"166\" height=\"153\" src=\"https:\/\/www.gnllojistik.com.tr\/wp-content\/uploads\/2022\/01\/Ucak-ENG.webp\" class=\"vc_single_image-img attachment-full\" alt=\"\" \/><\/div><\/a>\n\t\t<\/div>\n\t<\/div>\n<\/div><\/div><\/div><\/div><\/div><\/div><\/section>","protected":false},"excerpt":{"rendered":"Sundu\u011fumuz Hizmetler Karayolu Ta\u015f\u0131mac\u0131l\u0131\u011f\u0131 DETAYLI B\u0130LG\u0130 Havayolu Ta\u015f\u0131mac\u0131l\u0131\u011f\u0131 DETAYLI B\u0130LG\u0130 Denizyolu Ta\u015f\u0131mac\u0131l\u0131\u011f\u0131 DETAYLI B\u0130LG\u0130 Demiryolu Ta\u015f\u0131mac\u0131l\u0131\u011f\u0131 DETAYLI B\u0130LG\u0130 Multimodal Ta\u015f\u0131mac\u0131l\u0131k DETAYLI B\u0130LG\u0130 Parsiyel Ta\u015f\u0131mac\u0131l\u0131k DETAYLI B\u0130LG\u0130 Fuar Ta\u015f\u0131mac\u0131l\u0131\u011f\u0131 DETAYLI B\u0130LG\u0130 Proje Ta\u015f\u0131mac\u0131l\u0131\u011f\u0131 DETAYLI B\u0130LG\u0130 Hedef Y\u00fcksek , G\u00fcven Ta\u015f\u0131mak GerekGnl Lojistik HizmetleriGNL LOJ\u0130ST\u0130K Uluslararas\u0131 ta\u015f\u0131mac\u0131l\u0131k ve d\u0131\u015f ticaret konusunda profesyonel ve uzman kadrosuyla firmam\u0131z, m\u00fc\u015fterilerimizin [...]","protected":false},"author":1,"featured_media":0,"parent":0,"menu_order":0,"comment_status":"closed","ping_status":"closed","template":"","meta":{"footnotes":""},"class_list":["post-2","page","type-page","status-publish","hentry"],"_links":{"self":[{"href":"https:\/\/www.gnllojistik.com.tr\/en\/wp-json\/wp\/v2\/pages\/2","targetHints":{"allow":["GET"]}}],"collection":[{"href":"https:\/\/www.gnllojistik.com.tr\/en\/wp-json\/wp\/v2\/pages"}],"about":[{"href":"https:\/\/www.gnllojistik.com.tr\/en\/wp-json\/wp\/v2\/types\/page"}],"author":[{"embeddable":true,"href":"https:\/\/www.gnllojistik.com.tr\/en\/wp-json\/wp\/v2\/users\/1"}],"replies":[{"embeddable":true,"href":"https:\/\/www.gnllojistik.com.tr\/en\/wp-json\/wp\/v2\/comments?post=2"}],"version-history":[{"count":30,"href":"https:\/\/www.gnllojistik.com.tr\/en\/wp-json\/wp\/v2\/pages\/2\/revisions"}],"predecessor-version":[{"id":828,"href":"https:\/\/www.gnllojistik.com.tr\/en\/wp-json\/wp\/v2\/pages\/2\/revisions\/828"}],"wp:attachment":[{"href":"https:\/\/www.gnllojistik.com.tr\/en\/wp-json\/wp\/v2\/media?parent=2"}],"curies":[{"name":"wp","href":"https:\/\/api.w.org\/{rel}","templated":true}]}}