{"id":37,"date":"2020-06-01T08:12:53","date_gmt":"2020-06-01T08:12:53","guid":{"rendered":"http:\/\/sw-themes.com\/porto_dummy\/?page_id=37"},"modified":"2021-12-29T09:58:25","modified_gmt":"2021-12-29T06:58:25","slug":"hakkimizda","status":"publish","type":"page","link":"https:\/\/www.gnllojistik.com.tr\/en\/hakkimizda\/","title":{"rendered":"About Us"},"content":{"rendered":"<div class=\"vc_row wpb_row mt-2 vc_custom_1640760756410 section section-parallax mt-0 mb-0 section-no-borders porto-inner-container\"><div class=\"porto-wrap-container container\"><div class=\"row\"><div class=\"vc_column_container col-md-12\"><div class=\"wpb_wrapper vc_column-inner\"><p  class=\"vc_custom_heading align-left\">With its professional and expert staff in international transportation and foreign trade, our company provides services in line with the demands of our customers.<br \/>\nIt acts as a \"bridge\" between Turkey, Iran, Turkmenistan, Kazakhstan, Uzbekistan, Azerbaijan, Middle East, Far East and European countries in professional, fast and safe land transportation. T.R. In line with the authorizations granted by the Ministry of Transport's General Directorate K1, R1 and R2 Certificate, we provide the most reliable and fast service to our customers with our professional fleet in the fields of complete vehicle allocation, partial loading, heavy cargo and project transportation. As a company that attaches importance to technology investment, GNL LOJISTIK is the first company in the sector to use a satellite system in vehicle tracking. With the satellite systems used, a connection is established with the drivers by correspondence in electronic environment. Shipment, distance and costs are determined in the computer environment.<\/p><\/div><\/div><\/div><\/div><\/div>","protected":false},"excerpt":{"rendered":"Uluslararas\u0131 ta\u015f\u0131mac\u0131l\u0131k ve d\u0131\u015f ticaret konusunda profesyonel ve uzman kadrosuyla firmam\u0131z, m\u00fc\u015fterilerimizin talepleri do\u011frultusunda, hizmet vermektedir. Profesyonel, h\u0131zl\u0131 ve g\u00fcvenli kara yolu ta\u015f\u0131mac\u0131l\u0131\u011f\u0131nda T\u00fcrkiye, Iran, T\u00fcrkmenistan, Kazakistan, \u00d6zbekistan, Azerbaycan, Orta Do\u011fu, Uzak Do\u011fu ile Avrupa \u00fclkeleri aras\u0131nda bir \u201ck\u00f6pr\u00fc\u201d g\u00f6revi g\u00f6rmektedir. T.C. Ula\u015ft\u0131rma Bakanl\u0131\u011f\u0131 Genel M\u00fcd\u00fcrl\u00fc\u011f\u00fc K1, R1ve R2 Belgesi\u2019nin vermi\u015f oldu\u011fu yetkiler do\u011frultusunda, komple [...]","protected":false},"author":1,"featured_media":0,"parent":0,"menu_order":0,"comment_status":"closed","ping_status":"closed","template":"","meta":{"footnotes":""},"class_list":["post-37","page","type-page","status-publish","hentry"],"_links":{"self":[{"href":"https:\/\/www.gnllojistik.com.tr\/en\/wp-json\/wp\/v2\/pages\/37","targetHints":{"allow":["GET"]}}],"collection":[{"href":"https:\/\/www.gnllojistik.com.tr\/en\/wp-json\/wp\/v2\/pages"}],"about":[{"href":"https:\/\/www.gnllojistik.com.tr\/en\/wp-json\/wp\/v2\/types\/page"}],"author":[{"embeddable":true,"href":"https:\/\/www.gnllojistik.com.tr\/en\/wp-json\/wp\/v2\/users\/1"}],"replies":[{"embeddable":true,"href":"https:\/\/www.gnllojistik.com.tr\/en\/wp-json\/wp\/v2\/comments?post=37"}],"version-history":[{"count":3,"href":"https:\/\/www.gnllojistik.com.tr\/en\/wp-json\/wp\/v2\/pages\/37\/revisions"}],"predecessor-version":[{"id":402,"href":"https:\/\/www.gnllojistik.com.tr\/en\/wp-json\/wp\/v2\/pages\/37\/revisions\/402"}],"wp:attachment":[{"href":"https:\/\/www.gnllojistik.com.tr\/en\/wp-json\/wp\/v2\/media?parent=37"}],"curies":[{"name":"wp","href":"https:\/\/api.w.org\/{rel}","templated":true}]}}