{"id":414,"date":"2021-12-29T10:37:52","date_gmt":"2021-12-29T07:37:52","guid":{"rendered":"https:\/\/www.gnllojistik.com.tr\/?page_id=414"},"modified":"2021-12-29T12:19:34","modified_gmt":"2021-12-29T09:19:34","slug":"karayolu-tasimaciligi","status":"publish","type":"page","link":"https:\/\/www.gnllojistik.com.tr\/en\/karayolu-tasimaciligi\/","title":{"rendered":"Highway Transports"},"content":{"rendered":"<section class=\"vc_section\"><div class=\"vc_row wpb_row row\"><div class=\"vc_column_container col-md-12\"><div class=\"wpb_wrapper vc_column-inner\">\n\t<div class=\"wpb_text_column wpb_content_element\" >\n\t\t<div class=\"wpb_wrapper\">\n\t\t\t<p>As GNL LOGISTICS, we provide logistic support for your international road transport, export and import loads, which is the locomotive of Turkey. With the right planning, organization and timely delivery, your shipments and loads are safely delivered to the delivery addresses. Keeping customer satisfaction in the foreground, we send all status reports about the status of the cargo from the beginning of the transportation to its delivery. Our expert staff provides you with all kinds of information about your load on a full-time basis.<\/p>\n\n\t\t<\/div>\n\t<\/div>\n<div class=\"vc_row wpb_row vc_inner row vc_custom_1640769218258\"><div class=\"vc_column_container col-md-6\"><div class=\"wpb_wrapper vc_column-inner\"><div class=\"vc_message_box vc_message_box-standard vc_message_box-rounded vc_color-green\" ><div class=\"vc_message_box-icon\"><i class=\"far fa-hand-point-right\"><\/i><\/div><p>Trucks with GPS offer stable and secure truck tracking and full visibility into cargo tracking and tracking<\/p>\n<\/div><div class=\"vc_message_box vc_message_box-standard vc_message_box-rounded vc_color-green\" ><div class=\"vc_message_box-icon\"><i class=\"far fa-hand-point-right\"><\/i><\/div><p>Enabling you to schedule jobs with confidence by providing predictable delivery times for all your cargo shipments<\/p>\n<\/div><div class=\"vc_message_box vc_message_box-standard vc_message_box-rounded vc_color-green\" ><div class=\"vc_message_box-icon\"><i class=\"far fa-hand-point-right\"><\/i><\/div><p>Regular and scheduled trips to international locations for Non-Truck Loads. Offering highly reliable door-to-door delivery connections in Asia-Pacific and Africa<\/p>\n<\/div><div class=\"vc_message_box vc_message_box-standard vc_message_box-rounded vc_color-green\" ><div class=\"vc_message_box-icon\"><i class=\"far fa-hand-point-right\"><\/i><\/div><p>Flexible and cost-effective transportation solutions for full and partial loads, GNL LOGISTICS ensures you get the quality service you expect.<\/p>\n<\/div><\/div><\/div><div class=\"vc_column_container col-md-6 vc_custom_1640765795904\"><div class=\"wpb_wrapper vc_column-inner\">\n\t<div class=\"wpb_single_image wpb_content_element vc_align_center\">\n\t\t<div class=\"wpb_wrapper\">\n\t\t\t\n\t\t\t<div class=\"vc_single_image-wrapper   vc_box_border_grey\"><img loading=\"lazy\" decoding=\"async\" width=\"626\" height=\"367\" src=\"https:\/\/www.gnllojistik.com.tr\/wp-content\/uploads\/2021\/12\/Karayolu-Tasimaciligi.webp\" class=\"vc_single_image-img attachment-full\" alt=\"Gnl-Lojistik-Karayolu-Tasimaciligi\" srcset=\"https:\/\/www.gnllojistik.com.tr\/wp-content\/uploads\/2021\/12\/Karayolu-Tasimaciligi.webp 626w, https:\/\/www.gnllojistik.com.tr\/wp-content\/uploads\/2021\/12\/Karayolu-Tasimaciligi-400x235.webp 400w, https:\/\/www.gnllojistik.com.tr\/wp-content\/uploads\/2021\/12\/Karayolu-Tasimaciligi-367x215.webp 367w\" sizes=\"auto, (max-width: 626px) 100vw, 626px\" \/><\/div>\n\t\t<\/div>\n\t<\/div>\n<\/div><\/div><\/div><\/div><\/div><\/div><\/section>","protected":false},"excerpt":{"rendered":"GNL LOJ\u0130ST\u0130K olarak, T\u00fcrkiye\u2019nin lokomotifi konumunda olan Uluslararas\u0131 Karayolu ta\u015f\u0131mac\u0131l\u0131\u011f\u0131, ihracat ve ithalat y\u00fckleriniz i\u00e7in lojistik destek vermekteyiz. Do\u011fru planlama, organizasyon ve zaman\u0131nda teslimat ile g\u00f6nderi ve y\u00fckleriniz, teslimat adreslerine g\u00fcvenli ula\u015ft\u0131r\u0131lmaktad\u0131r. M\u00fc\u015fteri memnuniyetini \u00f6n planda tutarak, ta\u015f\u0131man\u0131n ba\u015flang\u0131c\u0131ndan teslimine kadar y\u00fck\u00fcn durumu hakk\u0131ndaki t\u00fcm stat\u00fc raporlar\u0131n\u0131 g\u00f6ndermekteyiz. Uzman kadromuz, y\u00fck\u00fcn\u00fczle ilgili her t\u00fcrl\u00fc bilgi [...]","protected":false},"author":1,"featured_media":0,"parent":0,"menu_order":0,"comment_status":"closed","ping_status":"closed","template":"","meta":{"footnotes":""},"class_list":["post-414","page","type-page","status-publish","hentry"],"_links":{"self":[{"href":"https:\/\/www.gnllojistik.com.tr\/en\/wp-json\/wp\/v2\/pages\/414","targetHints":{"allow":["GET"]}}],"collection":[{"href":"https:\/\/www.gnllojistik.com.tr\/en\/wp-json\/wp\/v2\/pages"}],"about":[{"href":"https:\/\/www.gnllojistik.com.tr\/en\/wp-json\/wp\/v2\/types\/page"}],"author":[{"embeddable":true,"href":"https:\/\/www.gnllojistik.com.tr\/en\/wp-json\/wp\/v2\/users\/1"}],"replies":[{"embeddable":true,"href":"https:\/\/www.gnllojistik.com.tr\/en\/wp-json\/wp\/v2\/comments?post=414"}],"version-history":[{"count":4,"href":"https:\/\/www.gnllojistik.com.tr\/en\/wp-json\/wp\/v2\/pages\/414\/revisions"}],"predecessor-version":[{"id":422,"href":"https:\/\/www.gnllojistik.com.tr\/en\/wp-json\/wp\/v2\/pages\/414\/revisions\/422"}],"wp:attachment":[{"href":"https:\/\/www.gnllojistik.com.tr\/en\/wp-json\/wp\/v2\/media?parent=414"}],"curies":[{"name":"wp","href":"https:\/\/api.w.org\/{rel}","templated":true}]}}