{"id":423,"date":"2021-12-29T12:26:05","date_gmt":"2021-12-29T09:26:05","guid":{"rendered":"https:\/\/www.gnllojistik.com.tr\/?page_id=423"},"modified":"2024-02-05T12:27:02","modified_gmt":"2024-02-05T09:27:02","slug":"havayolu-tasimaciligi","status":"publish","type":"page","link":"https:\/\/www.gnllojistik.com.tr\/en\/havayolu-tasimaciligi\/","title":{"rendered":"Airways Transporting"},"content":{"rendered":"<section class=\"vc_section vc_custom_1640770094712\"><div class=\"vc_row wpb_row row\"><div class=\"vc_column_container col-md-6\"><div class=\"wpb_wrapper vc_column-inner\">\n\t<div class=\"wpb_single_image wpb_content_element vc_align_left\">\n\t\t<div class=\"wpb_wrapper\">\n\t\t\t\n\t\t\t<div class=\"vc_single_image-wrapper   vc_box_border_grey\"><img loading=\"lazy\" decoding=\"async\" width=\"626\" height=\"417\" src=\"https:\/\/www.gnllojistik.com.tr\/wp-content\/uploads\/2021\/12\/Gnl-Havayolu.webp\" class=\"vc_single_image-img attachment-full\" alt=\"\" srcset=\"https:\/\/www.gnllojistik.com.tr\/wp-content\/uploads\/2021\/12\/Gnl-Havayolu.webp 626w, https:\/\/www.gnllojistik.com.tr\/wp-content\/uploads\/2021\/12\/Gnl-Havayolu-400x266.webp 400w, https:\/\/www.gnllojistik.com.tr\/wp-content\/uploads\/2021\/12\/Gnl-Havayolu-367x244.webp 367w\" sizes=\"auto, (max-width: 626px) 100vw, 626px\" \/><\/div>\n\t\t<\/div>\n\t<\/div>\n\n\t<div class=\"wpb_single_image wpb_content_element vc_align_left\">\n\t\t<div class=\"wpb_wrapper\">\n\t\t\t\n\t\t\t<div class=\"vc_single_image-wrapper   vc_box_border_grey\"><img loading=\"lazy\" decoding=\"async\" width=\"626\" height=\"417\" src=\"https:\/\/www.gnllojistik.com.tr\/wp-content\/uploads\/2024\/02\/Gnl-h.webp\" class=\"vc_single_image-img attachment-full\" alt=\"\" srcset=\"https:\/\/www.gnllojistik.com.tr\/wp-content\/uploads\/2024\/02\/Gnl-h.webp 626w, https:\/\/www.gnllojistik.com.tr\/wp-content\/uploads\/2024\/02\/Gnl-h-400x266.webp 400w\" sizes=\"auto, (max-width: 626px) 100vw, 626px\" \/><\/div>\n\t\t<\/div>\n\t<\/div>\n<\/div><\/div><div class=\"vc_column_container col-md-6\"><div class=\"wpb_wrapper vc_column-inner\">\n\t<div class=\"wpb_text_column wpb_content_element\" >\n\t\t<div class=\"wpb_wrapper\">\n\t\t\t<p>Lojistik sekt\u00f6r\u00fc i\u00e7erisinde hizmet veren firmam\u0131z ge\u00e7mi\u015ften gelen tecr\u00fcbe ve birikim ile sekt\u00f6re \u00f6ncelik ederek m\u00fc\u015fterilerine profesyonel hizmeti alan\u0131nda uzman kadrosu ile birlikte sunmaktad\u0131r. Ta\u015f\u0131mac\u0131l\u0131k alan\u0131nda geli\u015ftirdi\u011fimiz y\u00f6ntemler ile t\u00fcm \u00fcr\u00fcnlerinizi garantili bir \u015fekilde ta\u015f\u0131yarak, zaman\u0131nda teslim edilmektedir. Teknolojik geli\u015fmeleri de yak\u0131ndan takip eden firmam\u0131z t\u00fcm hizmetlerini kurumsal kimli\u011fi ile birlikte sunmaktad\u0131r. Havayolu ta\u015f\u0131mac\u0131l\u0131\u011f\u0131 alan\u0131nda da hizmet veren firmam\u0131z h\u0131zl\u0131 ve g\u00fcvenilir teslimat\u0131n anahtar\u0131n\u0131 size sunmaktad\u0131r. Daima yenilik\u00e7i ve m\u00fc\u015fteri memnuniyetine \u00f6nem verilerek hizmet verilmektedir.<\/p>\n\n\t\t<\/div>\n\t<\/div>\n<div class=\"vc_message_box vc_message_box-standard vc_message_box-rounded vc_color-green\" ><div class=\"vc_message_box-icon\"><i class=\"far fa-hand-point-right\"><\/i><\/div><p>On-demand carrier access lets you count on transit times for your cargo around the world<\/p>\n<\/div><div class=\"vc_message_box vc_message_box-standard vc_message_box-rounded vc_color-green\" ><div class=\"vc_message_box-icon\"><i class=\"far fa-hand-point-right\"><\/i><\/div><p>From the economy route to first-flight loading and even Same Day delivery, our range of time options delivers the reliability you want at the speed you want.<\/p>\n<\/div><div class=\"vc_message_box vc_message_box-standard vc_message_box-rounded vc_color-green\" ><div class=\"vc_message_box-icon\"><i class=\"far fa-hand-point-right\"><\/i><\/div><p>More than 7,000 Air Freight Experts in over 190 countries ensure the smooth transportation of your cargo<\/p>\n<\/div><div class=\"vc_message_box vc_message_box-standard vc_message_box-rounded vc_color-green\" ><div class=\"vc_message_box-icon\"><i class=\"far fa-hand-point-right\"><\/i><\/div><p>Flexibility in delivery options (eg door to door, airport to airport) allows you to customize your Air Freight loads.<\/p>\n<\/div><\/div><\/div><\/div><\/section>","protected":false},"excerpt":{"rendered":"Lojistik sekt\u00f6r\u00fc i\u00e7erisinde hizmet veren firmam\u0131z ge\u00e7mi\u015ften gelen tecr\u00fcbe ve birikim ile sekt\u00f6re \u00f6ncelik ederek m\u00fc\u015fterilerine profesyonel hizmeti alan\u0131nda uzman kadrosu ile birlikte sunmaktad\u0131r. Ta\u015f\u0131mac\u0131l\u0131k alan\u0131nda geli\u015ftirdi\u011fimiz y\u00f6ntemler ile t\u00fcm \u00fcr\u00fcnlerinizi garantili bir \u015fekilde ta\u015f\u0131yarak, zaman\u0131nda teslim edilmektedir. Teknolojik geli\u015fmeleri de yak\u0131ndan takip eden firmam\u0131z t\u00fcm hizmetlerini kurumsal kimli\u011fi ile birlikte sunmaktad\u0131r. Havayolu ta\u015f\u0131mac\u0131l\u0131\u011f\u0131 alan\u0131nda [...]","protected":false},"author":1,"featured_media":0,"parent":0,"menu_order":0,"comment_status":"closed","ping_status":"closed","template":"","meta":{"footnotes":""},"class_list":["post-423","page","type-page","status-publish","hentry"],"_links":{"self":[{"href":"https:\/\/www.gnllojistik.com.tr\/en\/wp-json\/wp\/v2\/pages\/423","targetHints":{"allow":["GET"]}}],"collection":[{"href":"https:\/\/www.gnllojistik.com.tr\/en\/wp-json\/wp\/v2\/pages"}],"about":[{"href":"https:\/\/www.gnllojistik.com.tr\/en\/wp-json\/wp\/v2\/types\/page"}],"author":[{"embeddable":true,"href":"https:\/\/www.gnllojistik.com.tr\/en\/wp-json\/wp\/v2\/users\/1"}],"replies":[{"embeddable":true,"href":"https:\/\/www.gnllojistik.com.tr\/en\/wp-json\/wp\/v2\/comments?post=423"}],"version-history":[{"count":4,"href":"https:\/\/www.gnllojistik.com.tr\/en\/wp-json\/wp\/v2\/pages\/423\/revisions"}],"predecessor-version":[{"id":831,"href":"https:\/\/www.gnllojistik.com.tr\/en\/wp-json\/wp\/v2\/pages\/423\/revisions\/831"}],"wp:attachment":[{"href":"https:\/\/www.gnllojistik.com.tr\/en\/wp-json\/wp\/v2\/media?parent=423"}],"curies":[{"name":"wp","href":"https:\/\/api.w.org\/{rel}","templated":true}]}}