{"id":445,"date":"2021-12-29T14:54:08","date_gmt":"2021-12-29T11:54:08","guid":{"rendered":"https:\/\/www.gnllojistik.com.tr\/?page_id=445"},"modified":"2024-02-05T12:34:53","modified_gmt":"2024-02-05T09:34:53","slug":"demiryolu-tasimaciligi","status":"publish","type":"page","link":"https:\/\/www.gnllojistik.com.tr\/en\/demiryolu-tasimaciligi\/","title":{"rendered":"Railway Transport"},"content":{"rendered":"<section class=\"vc_section vc_custom_1640777239716\"><div class=\"vc_row wpb_row row\"><div class=\"vc_column_container col-md-6\"><div class=\"wpb_wrapper vc_column-inner\">\n\t<div class=\"wpb_single_image wpb_content_element vc_align_left\">\n\t\t<div class=\"wpb_wrapper\">\n\t\t\t\n\t\t\t<div class=\"vc_single_image-wrapper   vc_box_border_grey\"><img loading=\"lazy\" decoding=\"async\" width=\"626\" height=\"417\" src=\"https:\/\/www.gnllojistik.com.tr\/wp-content\/uploads\/2021\/12\/Demiryolu-Tasimaciligi.webp\" class=\"vc_single_image-img attachment-full\" alt=\"\" srcset=\"https:\/\/www.gnllojistik.com.tr\/wp-content\/uploads\/2021\/12\/Demiryolu-Tasimaciligi.webp 626w, https:\/\/www.gnllojistik.com.tr\/wp-content\/uploads\/2021\/12\/Demiryolu-Tasimaciligi-400x266.webp 400w, https:\/\/www.gnllojistik.com.tr\/wp-content\/uploads\/2021\/12\/Demiryolu-Tasimaciligi-367x244.webp 367w\" sizes=\"auto, (max-width: 626px) 100vw, 626px\" \/><\/div>\n\t\t<\/div>\n\t<\/div>\n<\/div><\/div><div class=\"vc_column_container col-md-6\"><div class=\"wpb_wrapper vc_column-inner\">\n\t<div class=\"wpb_text_column wpb_content_element\" >\n\t\t<div class=\"wpb_wrapper\">\n\t\t\t<p>As GNL Logistics, we ensure that our customers benefit from all the advantages of safe, economical, high volume and carrying capacity, fast and environmentally friendly Railway Transportation. We are with you in project-based works or in special solutions for you. We ensure that the products reach their destination without being affected by weather conditions, road bans and the density at the border gates.<\/p>\n\n\t\t<\/div>\n\t<\/div>\n<div class=\"vc_message_box vc_message_box-standard vc_message_box-rounded vc_color-green\" ><div class=\"vc_message_box-icon\"><i class=\"far fa-hand-point-right\"><\/i><\/div><p>Annual fixed price guarantee.<\/p>\n<\/div><div class=\"vc_message_box vc_message_box-standard vc_message_box-rounded vc_color-green\" ><div class=\"vc_message_box-icon\"><i class=\"far fa-hand-point-right\"><\/i><\/div><p>Door to door delivery.<\/p>\n<\/div><div class=\"vc_message_box vc_message_box-standard vc_message_box-rounded vc_color-green\" ><div class=\"vc_message_box-icon\"><i class=\"far fa-hand-point-right\"><\/i><\/div><p>Periodically reciprocal expedition days.<\/p>\n<\/div><div class=\"vc_message_box vc_message_box-standard vc_message_box-rounded vc_color-green\" ><div class=\"vc_message_box-icon\"><i class=\"far fa-hand-point-right\"><\/i><\/div><p>It is not affected by climatic conditions and road bans, it is a safer transportation system.<\/p>\n<\/div><\/div><\/div><\/div><\/section>","protected":false},"excerpt":{"rendered":"GNL Lojistik olarak m\u00fc\u015fterilerimizin g\u00fcvenli, ekonomik, y\u00fcksek hacim ve ta\u015f\u0131ma kapasitesi sunan, h\u0131zl\u0131 ve \u00e7evreye sayg\u0131l\u0131 Demiryolu Ta\u015f\u0131mac\u0131l\u0131\u011f\u0131\u2019n\u0131n t\u00fcm avantajlar\u0131ndan faydalanmas\u0131n\u0131 sa\u011fl\u0131yoruz. \u0130ster proje bazl\u0131 \u00e7al\u0131\u015fmalarda ister size \u00f6zel \u00e7\u00f6z\u00fcmlerde yan\u0131n\u0131zda oluyoruz. \u00dcr\u00fcnlerinin hava ko\u015fullar\u0131ndan, yol yasaklar\u0131ndan ve s\u0131n\u0131r kap\u0131lar\u0131ndaki yo\u011funluktan etkilenmeden var\u0131\u015f yerine\u00a0 ula\u015fmas\u0131n\u0131 sa\u011fl\u0131yoruz. Y\u0131ll\u0131k sabit fiyat garantisi. Kap\u0131dan kap\u0131ya teslim. Periyodik olarak [...]","protected":false},"author":1,"featured_media":0,"parent":0,"menu_order":0,"comment_status":"closed","ping_status":"closed","template":"","meta":{"footnotes":""},"class_list":["post-445","page","type-page","status-publish","hentry"],"_links":{"self":[{"href":"https:\/\/www.gnllojistik.com.tr\/en\/wp-json\/wp\/v2\/pages\/445","targetHints":{"allow":["GET"]}}],"collection":[{"href":"https:\/\/www.gnllojistik.com.tr\/en\/wp-json\/wp\/v2\/pages"}],"about":[{"href":"https:\/\/www.gnllojistik.com.tr\/en\/wp-json\/wp\/v2\/types\/page"}],"author":[{"embeddable":true,"href":"https:\/\/www.gnllojistik.com.tr\/en\/wp-json\/wp\/v2\/users\/1"}],"replies":[{"embeddable":true,"href":"https:\/\/www.gnllojistik.com.tr\/en\/wp-json\/wp\/v2\/comments?post=445"}],"version-history":[{"count":3,"href":"https:\/\/www.gnllojistik.com.tr\/en\/wp-json\/wp\/v2\/pages\/445\/revisions"}],"predecessor-version":[{"id":451,"href":"https:\/\/www.gnllojistik.com.tr\/en\/wp-json\/wp\/v2\/pages\/445\/revisions\/451"}],"wp:attachment":[{"href":"https:\/\/www.gnllojistik.com.tr\/en\/wp-json\/wp\/v2\/media?parent=445"}],"curies":[{"name":"wp","href":"https:\/\/api.w.org\/{rel}","templated":true}]}}