{"id":462,"date":"2021-12-29T16:37:40","date_gmt":"2021-12-29T13:37:40","guid":{"rendered":"https:\/\/www.gnllojistik.com.tr\/?page_id=462"},"modified":"2021-12-29T16:38:15","modified_gmt":"2021-12-29T13:38:15","slug":"multimodal-tasimacilik","status":"publish","type":"page","link":"https:\/\/www.gnllojistik.com.tr\/en\/multimodal-tasimacilik\/","title":{"rendered":"Multimodal Transport"},"content":{"rendered":"<section class=\"vc_section vc_custom_1640784086144\"><div class=\"vc_row wpb_row row\"><div class=\"vc_column_container col-md-6\"><div class=\"wpb_wrapper vc_column-inner\">\n\t<div class=\"wpb_text_column wpb_content_element\" >\n\t\t<div class=\"wpb_wrapper\">\n\t\t\t<p>Multimodal Transportation is a form of transportation made by using more than one type of transportation with different transportation vehicles or units. In multimodal transportation, the cargoes continue on their way with different transportation routes by being transferred from the container they are in to another container. In the multimodal transport system, only one transport contract is made for all the transport routes used between the loading and destination points. In multimodal transportation, the entire journey is not a process consisting of separate stages, but an integrated system.<\/p>\n\n\t\t<\/div>\n\t<\/div>\n<div class=\"vc_message_box vc_message_box-standard vc_message_box-rounded vc_color-green\" ><div class=\"vc_message_box-icon\"><i class=\"far fa-hand-point-right\"><\/i><\/div><p>The multimodal transportation model is an environmentally friendly type of transportation and the destruction of thousands of hectares of forest every year is prevented by this transportation model.<\/p>\n<\/div><div class=\"vc_message_box vc_message_box-standard vc_message_box-rounded vc_color-green\" ><div class=\"vc_message_box-icon\"><i class=\"far fa-hand-point-right\"><\/i><\/div><p>Multimodal transport type; Compared to road transport, it is an extremely ecological transport model that does not cause environmental pollution, as it provides up to 75% lower CO2 emissions.<\/p>\n<\/div><div class=\"vc_message_box vc_message_box-standard vc_message_box-rounded vc_color-green\" ><div class=\"vc_message_box-icon\"><i class=\"far fa-hand-point-right\"><\/i><\/div><p>Since it offers regular loading, transportation and unloading opportunities, it offers the advantage of being able to easily monitor and control. It provides a constant transportation time and the opportunity to make more realistic plans without being affected by weather and road conditions.<\/p>\n<\/div><\/div><\/div><div class=\"vc_column_container col-md-6\"><div class=\"wpb_wrapper vc_column-inner\">\n\t<div class=\"wpb_single_image wpb_content_element vc_align_center\">\n\t\t<div class=\"wpb_wrapper\">\n\t\t\t\n\t\t\t<div class=\"vc_single_image-wrapper   vc_box_border_grey\"><img loading=\"lazy\" decoding=\"async\" width=\"626\" height=\"417\" src=\"https:\/\/www.gnllojistik.com.tr\/wp-content\/uploads\/2021\/12\/Multi.webp\" class=\"vc_single_image-img attachment-full\" alt=\"\" srcset=\"https:\/\/www.gnllojistik.com.tr\/wp-content\/uploads\/2021\/12\/Multi.webp 626w, https:\/\/www.gnllojistik.com.tr\/wp-content\/uploads\/2021\/12\/Multi-400x266.webp 400w, https:\/\/www.gnllojistik.com.tr\/wp-content\/uploads\/2021\/12\/Multi-367x244.webp 367w\" sizes=\"auto, (max-width: 626px) 100vw, 626px\" \/><\/div>\n\t\t<\/div>\n\t<\/div>\n<\/div><\/div><\/div><\/section>","protected":false},"excerpt":{"rendered":"Multimodal Ta\u015f\u0131mac\u0131l\u0131k, farkl\u0131 ta\u015f\u0131ma ara\u00e7lar\u0131 veya \u00fcniteleriyle, birden fazla ta\u015f\u0131ma \u00e7e\u015fidi kullan\u0131larak yap\u0131lan ta\u015f\u0131ma bi\u00e7imidir. Multimodal ta\u015f\u0131mac\u0131l\u0131kta y\u00fckler, bulundu\u011fu kaptan ba\u015fka bir kaba aktar\u0131lmak suretiyle farkl\u0131 ta\u015f\u0131ma yollar\u0131yla yoluna devam eder. Multimodal ta\u015f\u0131mac\u0131l\u0131k sisteminde, y\u00fckleme ve var\u0131\u015f noktalar\u0131 aras\u0131nda kullan\u0131lan t\u00fcm ta\u015f\u0131ma yollar\u0131 i\u00e7in yaln\u0131zca tek bir ta\u015f\u0131mac\u0131l\u0131k s\u00f6zle\u015fmesi yap\u0131l\u0131r. Multimodal yani \u00e7ok modlu ta\u015f\u0131mac\u0131l\u0131k [...]","protected":false},"author":1,"featured_media":0,"parent":0,"menu_order":0,"comment_status":"closed","ping_status":"closed","template":"","meta":{"footnotes":""},"class_list":["post-462","page","type-page","status-publish","hentry"],"_links":{"self":[{"href":"https:\/\/www.gnllojistik.com.tr\/en\/wp-json\/wp\/v2\/pages\/462","targetHints":{"allow":["GET"]}}],"collection":[{"href":"https:\/\/www.gnllojistik.com.tr\/en\/wp-json\/wp\/v2\/pages"}],"about":[{"href":"https:\/\/www.gnllojistik.com.tr\/en\/wp-json\/wp\/v2\/types\/page"}],"author":[{"embeddable":true,"href":"https:\/\/www.gnllojistik.com.tr\/en\/wp-json\/wp\/v2\/users\/1"}],"replies":[{"embeddable":true,"href":"https:\/\/www.gnllojistik.com.tr\/en\/wp-json\/wp\/v2\/comments?post=462"}],"version-history":[{"count":2,"href":"https:\/\/www.gnllojistik.com.tr\/en\/wp-json\/wp\/v2\/pages\/462\/revisions"}],"predecessor-version":[{"id":465,"href":"https:\/\/www.gnllojistik.com.tr\/en\/wp-json\/wp\/v2\/pages\/462\/revisions\/465"}],"wp:attachment":[{"href":"https:\/\/www.gnllojistik.com.tr\/en\/wp-json\/wp\/v2\/media?parent=462"}],"curies":[{"name":"wp","href":"https:\/\/api.w.org\/{rel}","templated":true}]}}