{"id":467,"date":"2021-12-29T18:36:00","date_gmt":"2021-12-29T15:36:00","guid":{"rendered":"https:\/\/www.gnllojistik.com.tr\/?page_id=467"},"modified":"2021-12-29T18:37:45","modified_gmt":"2021-12-29T15:37:45","slug":"parsiyel-tasimacilik","status":"publish","type":"page","link":"https:\/\/www.gnllojistik.com.tr\/en\/parsiyel-tasimacilik\/","title":{"rendered":"Partial Transportation"},"content":{"rendered":"<section class=\"vc_section vc_custom_1640784850984\"><div class=\"vc_row wpb_row row\"><div class=\"vc_column_container col-md-6\"><div class=\"wpb_wrapper vc_column-inner\">\n\t<div class=\"wpb_text_column wpb_content_element\" >\n\t\t<div class=\"wpb_wrapper\">\n\t\t\t<p>We follow this process with great care, giving great importance to the safe and undamaged delivery of your cargo. All operational information on delivery is sent to customers by expert staff. In today's world, where time is gaining importance, we prevent the loss of business of our customers by adopting the principle of serving against time and making smooth delivery. Your trust is the mirror of our business.<\/p>\n\n\t\t<\/div>\n\t<\/div>\n<div class=\"vc_message_box vc_message_box-standard vc_message_box-rounded vc_color-green\" ><div class=\"vc_message_box-icon\"><i class=\"far fa-hand-point-right\"><\/i><\/div><p>Saving. In order to send a small amount of general cargo, the customer is not required to pay the freight cost of the vehicle hired for this purpose. The shipping cost is calculated in direct proportion to the weight or volume of the goods transported. Since the space required for the storage of small quantities of goods is low, the reduction in warehouse costs also provides a significant advantage for the customer.<\/p>\n<\/div><div class=\"vc_message_box vc_message_box-standard vc_message_box-rounded vc_color-green\" ><div class=\"vc_message_box-icon\"><i class=\"far fa-hand-point-right\"><\/i><\/div><p>Ease. This type of transportation is suitable for all cargoes except dangerous goods.<\/p>\n<\/div><div class=\"vc_message_box vc_message_box-standard vc_message_box-rounded vc_color-green\" ><div class=\"vc_message_box-icon\"><i class=\"far fa-hand-point-right\"><\/i><\/div><p>Reliability. By choosing this service, the customer can be sure that his goods will be delivered safely and securely.<\/p>\n<\/div><\/div><\/div><div class=\"vc_column_container col-md-6 vc_custom_1640791805918\"><div class=\"wpb_wrapper vc_column-inner\">\n\t<div class=\"wpb_single_image wpb_content_element vc_align_center\">\n\t\t<div class=\"wpb_wrapper\">\n\t\t\t\n\t\t\t<div class=\"vc_single_image-wrapper   vc_box_border_grey\"><img loading=\"lazy\" decoding=\"async\" width=\"500\" height=\"417\" src=\"https:\/\/www.gnllojistik.com.tr\/wp-content\/uploads\/2021\/12\/Parsiyel.webp\" class=\"vc_single_image-img attachment-full\" alt=\"\" srcset=\"https:\/\/www.gnllojistik.com.tr\/wp-content\/uploads\/2021\/12\/Parsiyel.webp 500w, https:\/\/www.gnllojistik.com.tr\/wp-content\/uploads\/2021\/12\/Parsiyel-400x334.webp 400w, https:\/\/www.gnllojistik.com.tr\/wp-content\/uploads\/2021\/12\/Parsiyel-367x306.webp 367w\" sizes=\"auto, (max-width: 500px) 100vw, 500px\" \/><\/div>\n\t\t<\/div>\n\t<\/div>\n<\/div><\/div><\/div><\/section>","protected":false},"excerpt":{"rendered":"Y\u00fck\u00fcn\u00fcz\u00fcn g\u00fcvenli ve hasars\u0131z teslim edilmesi konusuna b\u00fcy\u00fck \u00f6nem vererek, bu s\u00fcreci b\u00fcy\u00fck titizlikle takip ediyoruz. Teslimat konusunda t\u00fcm operasyonel bilgiler, uzman kadro taraf\u0131ndan m\u00fc\u015fterilere g\u00f6nderilmektedir. Zaman\u0131n \u00f6nem kazand\u0131\u011f\u0131 g\u00fcn\u00fcm\u00fczde, zamana kar\u015f\u0131 hizmet vermeyi ilke edinerek, sorunsuz teslimat yaparak m\u00fc\u015fterilerimizin i\u015f kayb\u0131n\u0131 \u00f6nl\u00fcyoruz. G\u00fcveniniz i\u015fimizin aynas\u0131d\u0131r. Tasarruf. Az miktarda genel kargo g\u00f6ndermek i\u00e7in m\u00fc\u015fterinin bu [...]","protected":false},"author":1,"featured_media":0,"parent":0,"menu_order":0,"comment_status":"closed","ping_status":"closed","template":"","meta":{"footnotes":""},"class_list":["post-467","page","type-page","status-publish","hentry"],"_links":{"self":[{"href":"https:\/\/www.gnllojistik.com.tr\/en\/wp-json\/wp\/v2\/pages\/467","targetHints":{"allow":["GET"]}}],"collection":[{"href":"https:\/\/www.gnllojistik.com.tr\/en\/wp-json\/wp\/v2\/pages"}],"about":[{"href":"https:\/\/www.gnllojistik.com.tr\/en\/wp-json\/wp\/v2\/types\/page"}],"author":[{"embeddable":true,"href":"https:\/\/www.gnllojistik.com.tr\/en\/wp-json\/wp\/v2\/users\/1"}],"replies":[{"embeddable":true,"href":"https:\/\/www.gnllojistik.com.tr\/en\/wp-json\/wp\/v2\/comments?post=467"}],"version-history":[{"count":5,"href":"https:\/\/www.gnllojistik.com.tr\/en\/wp-json\/wp\/v2\/pages\/467\/revisions"}],"predecessor-version":[{"id":474,"href":"https:\/\/www.gnllojistik.com.tr\/en\/wp-json\/wp\/v2\/pages\/467\/revisions\/474"}],"wp:attachment":[{"href":"https:\/\/www.gnllojistik.com.tr\/en\/wp-json\/wp\/v2\/media?parent=467"}],"curies":[{"name":"wp","href":"https:\/\/api.w.org\/{rel}","templated":true}]}}