{"id":477,"date":"2021-12-30T10:17:55","date_gmt":"2021-12-30T07:17:55","guid":{"rendered":"https:\/\/www.gnllojistik.com.tr\/?page_id=477"},"modified":"2021-12-30T10:17:55","modified_gmt":"2021-12-30T07:17:55","slug":"fuar-tasimaciligi","status":"publish","type":"page","link":"https:\/\/www.gnllojistik.com.tr\/en\/fuar-tasimaciligi\/","title":{"rendered":"Fair Transportation"},"content":{"rendered":"<section class=\"vc_section vc_custom_1640846380557\"><div class=\"vc_row wpb_row row\"><div class=\"vc_column_container col-md-6\"><div class=\"wpb_wrapper vc_column-inner\">\n\t<div class=\"wpb_text_column wpb_content_element\" >\n\t\t<div class=\"wpb_wrapper\">\n\t\t\t<p>With the globalization of the world, the importance of fairs has increased even more and it has even become compulsory for some business lines. Companies that want to position their brands in international markets also take their place in these fairs to find potential customers with their products.<\/p>\n<p>As GNL LOGISTICS, we provide logistics support to our customers for the fair they want to attend around the world. From the delivery of the products to the storage of empty containers, we also carry out customs clearance and insurance operations within the scope of 360-degree service.<\/p>\n\n\t\t<\/div>\n\t<\/div>\n<div class=\"vc_message_box vc_message_box-standard vc_message_box-rounded vc_color-green\" ><div class=\"vc_message_box-icon\"><i class=\"far fa-hand-point-right\"><\/i><\/div><p>Internal storage and transportation organization,<\/p>\n<\/div><div class=\"vc_message_box vc_message_box-standard vc_message_box-rounded vc_color-green\" ><div class=\"vc_message_box-icon\"><i class=\"far fa-hand-point-right\"><\/i><\/div><p>Collection of your fair values \u200b\u200bin our warehouse, pre-transport packaging services,<\/p>\n<\/div><div class=\"vc_message_box vc_message_box-standard vc_message_box-rounded vc_color-green\" ><div class=\"vc_message_box-icon\"><i class=\"far fa-hand-point-right\"><\/i><\/div><p>Organizing domestic customs clearance, international temporary admission procedures,<\/p>\n<\/div><div class=\"vc_message_box vc_message_box-standard vc_message_box-rounded vc_color-green\" ><div class=\"vc_message_box-icon\"><i class=\"far fa-hand-point-right\"><\/i><\/div><p>International transport organization,<\/p>\n<\/div><div class=\"vc_message_box vc_message_box-standard vc_message_box-rounded vc_color-green\" ><div class=\"vc_message_box-icon\"><i class=\"far fa-hand-point-right\"><\/i><\/div><p>Organization of packaging stand dismantling, handling, storage and repackaging at the end of the fair,<\/p>\n<\/div><\/div><\/div><div class=\"vc_column_container col-md-6\"><div class=\"wpb_wrapper vc_column-inner\">\n\t<div class=\"wpb_single_image wpb_content_element vc_align_center\">\n\t\t<div class=\"wpb_wrapper\">\n\t\t\t\n\t\t\t<div class=\"vc_single_image-wrapper   vc_box_border_grey\"><img loading=\"lazy\" decoding=\"async\" width=\"500\" height=\"400\" src=\"https:\/\/www.gnllojistik.com.tr\/wp-content\/uploads\/2021\/12\/Fuar-tasimaciligi-1.webp\" class=\"vc_single_image-img attachment-full\" alt=\"\" srcset=\"https:\/\/www.gnllojistik.com.tr\/wp-content\/uploads\/2021\/12\/Fuar-tasimaciligi-1.webp 500w, https:\/\/www.gnllojistik.com.tr\/wp-content\/uploads\/2021\/12\/Fuar-tasimaciligi-1-400x320.webp 400w, https:\/\/www.gnllojistik.com.tr\/wp-content\/uploads\/2021\/12\/Fuar-tasimaciligi-1-367x294.webp 367w\" sizes=\"auto, (max-width: 500px) 100vw, 500px\" \/><\/div>\n\t\t<\/div>\n\t<\/div>\n<\/div><\/div><\/div><\/section>","protected":false},"excerpt":{"rendered":"D\u00fcnyan\u0131n k\u00fcreselle\u015fmesi ile birlikte fuarlar\u0131n \u00f6nemi daha da artt\u0131 ve hatta baz\u0131 i\u015f kollar\u0131 i\u00e7in zorunlu hale geldi. Markas\u0131n\u0131 uluslararas\u0131 pazarlarda da konumland\u0131rmak isteyen firmalar da \u00fcr\u00fcnleri ile birlikte potansiyel m\u00fc\u015fterilerini bulmak i\u00e7in bu fuarlarda yerlerini al\u0131yor. GNL LOJ\u0130ST\u0130K olarak m\u00fc\u015fterilerimize d\u00fcnya genelinde kat\u0131lmak istedikleri fuar i\u00e7in lojistik destek sa\u011fl\u0131yoruz. \u00dcr\u00fcnlerinin teslimat\u0131ndan, bo\u015f kaplar\u0131n depolanmas\u0131na [...]","protected":false},"author":1,"featured_media":0,"parent":0,"menu_order":0,"comment_status":"closed","ping_status":"closed","template":"","meta":{"footnotes":""},"class_list":["post-477","page","type-page","status-publish","hentry"],"_links":{"self":[{"href":"https:\/\/www.gnllojistik.com.tr\/en\/wp-json\/wp\/v2\/pages\/477","targetHints":{"allow":["GET"]}}],"collection":[{"href":"https:\/\/www.gnllojistik.com.tr\/en\/wp-json\/wp\/v2\/pages"}],"about":[{"href":"https:\/\/www.gnllojistik.com.tr\/en\/wp-json\/wp\/v2\/types\/page"}],"author":[{"embeddable":true,"href":"https:\/\/www.gnllojistik.com.tr\/en\/wp-json\/wp\/v2\/users\/1"}],"replies":[{"embeddable":true,"href":"https:\/\/www.gnllojistik.com.tr\/en\/wp-json\/wp\/v2\/comments?post=477"}],"version-history":[{"count":4,"href":"https:\/\/www.gnllojistik.com.tr\/en\/wp-json\/wp\/v2\/pages\/477\/revisions"}],"predecessor-version":[{"id":482,"href":"https:\/\/www.gnllojistik.com.tr\/en\/wp-json\/wp\/v2\/pages\/477\/revisions\/482"}],"wp:attachment":[{"href":"https:\/\/www.gnllojistik.com.tr\/en\/wp-json\/wp\/v2\/media?parent=477"}],"curies":[{"name":"wp","href":"https:\/\/api.w.org\/{rel}","templated":true}]}}