{"id":483,"date":"2021-12-31T08:31:37","date_gmt":"2021-12-31T05:31:37","guid":{"rendered":"https:\/\/www.gnllojistik.com.tr\/?page_id=483"},"modified":"2022-01-11T11:56:28","modified_gmt":"2022-01-11T08:56:28","slug":"proje-tasimaciligi","status":"publish","type":"page","link":"https:\/\/www.gnllojistik.com.tr\/en\/proje-tasimaciligi\/","title":{"rendered":"Project Transportation"},"content":{"rendered":"<section class=\"vc_section vc_custom_1640927589574\"><div class=\"vc_row wpb_row row\"><div class=\"vc_column_container col-md-6\"><div class=\"wpb_wrapper vc_column-inner\">\n\t<div class=\"wpb_text_column wpb_content_element\" >\n\t\t<div class=\"wpb_wrapper\">\n\t\t\t<p><strong>What is project transportation?\u00a0<\/strong>The answer to the question can be given in the simplest way as the transportation of non-standard sized loads from one place to another by using non-standard methods.<\/p>\n<p><strong><a href=\"https:\/\/www.gnllojistik.com.tr\/en\/\">Proje ta\u015f\u0131mac\u0131l\u0131\u011f\u0131<\/a><\/strong>\u00a0The most important concept of project transportation is the concept of time. What is project transportation? After the answer to the question, another prominent question is; Why is the concept of time important?\u00a0<strong>What is project transportation?\u00a0<\/strong>sorusunun cevab\u0131n\u0131n ard\u0131ndan, bir di\u011fer \u00f6n plana \u00e7\u0131kan soru ise; zaman kavram\u0131n\u0131n neden \u00f6nemli oldu\u011fudur.<\/p>\n<p>In project transportation, important loads are carried for the realization of certain projects. Therefore; The transported loads must reach their destination within the specified time. Loads that do not arrive at the promised time and on the specified date may cause very serious material damage losses.<\/p>\n<p>Therefore; As another answer to the question of what is project transportation; It can also be given as correct time management and compliance with delivery times.<\/p>\n\n\t\t<\/div>\n\t<\/div>\n<\/div><\/div><div class=\"vc_column_container col-md-6 vc_custom_1640928341810\"><div class=\"wpb_wrapper vc_column-inner\">\n\t<div class=\"wpb_single_image wpb_content_element vc_align_center\">\n\t\t<div class=\"wpb_wrapper\">\n\t\t\t\n\t\t\t<div class=\"vc_single_image-wrapper   vc_box_border_grey\"><img loading=\"lazy\" decoding=\"async\" width=\"736\" height=\"414\" src=\"https:\/\/www.gnllojistik.com.tr\/wp-content\/uploads\/2021\/12\/Proje-Tasimaciligi-GNL.webp\" class=\"vc_single_image-img attachment-full\" alt=\"\" srcset=\"https:\/\/www.gnllojistik.com.tr\/wp-content\/uploads\/2021\/12\/Proje-Tasimaciligi-GNL.webp 736w, https:\/\/www.gnllojistik.com.tr\/wp-content\/uploads\/2021\/12\/Proje-Tasimaciligi-GNL-640x360.webp 640w, https:\/\/www.gnllojistik.com.tr\/wp-content\/uploads\/2021\/12\/Proje-Tasimaciligi-GNL-400x225.webp 400w, https:\/\/www.gnllojistik.com.tr\/wp-content\/uploads\/2021\/12\/Proje-Tasimaciligi-GNL-367x206.webp 367w\" sizes=\"auto, (max-width: 736px) 100vw, 736px\" \/><\/div>\n\t\t<\/div>\n\t<\/div>\n<\/div><\/div><\/div><\/section>","protected":false},"excerpt":{"rendered":"Proje ta\u015f\u0131mac\u0131l\u0131\u011f\u0131 nedir?\u00a0sorusunun cevab\u0131 en basit \u015fekilde, standart d\u0131\u015f\u0131 \u00f6l\u00e7\u00fclerde olan y\u00fcklerin bir yerden farkl\u0131 bir yere standart d\u0131\u015f\u0131 y\u00f6ntemler kullan\u0131larak ta\u015f\u0131nmas\u0131 olarak verilebilir. Proje ta\u015f\u0131mac\u0131l\u0131\u011f\u0131\u00a0en \u00f6nemli kavram, zaman kavram\u0131d\u0131r.\u00a0Proje ta\u015f\u0131mac\u0131l\u0131\u011f\u0131 nedir?\u00a0sorusunun cevab\u0131n\u0131n ard\u0131ndan, bir di\u011fer \u00f6n plana \u00e7\u0131kan soru ise; zaman kavram\u0131n\u0131n neden \u00f6nemli oldu\u011fudur. Proje ta\u015f\u0131mac\u0131l\u0131\u011f\u0131nda, belirli projelerin ger\u00e7ekle\u015ftirilmesi i\u00e7in \u00f6nemli y\u00fckler ta\u015f\u0131n\u0131r. [...]","protected":false},"author":1,"featured_media":0,"parent":0,"menu_order":0,"comment_status":"closed","ping_status":"closed","template":"","meta":{"footnotes":""},"class_list":["post-483","page","type-page","status-publish","hentry"],"_links":{"self":[{"href":"https:\/\/www.gnllojistik.com.tr\/en\/wp-json\/wp\/v2\/pages\/483","targetHints":{"allow":["GET"]}}],"collection":[{"href":"https:\/\/www.gnllojistik.com.tr\/en\/wp-json\/wp\/v2\/pages"}],"about":[{"href":"https:\/\/www.gnllojistik.com.tr\/en\/wp-json\/wp\/v2\/types\/page"}],"author":[{"embeddable":true,"href":"https:\/\/www.gnllojistik.com.tr\/en\/wp-json\/wp\/v2\/users\/1"}],"replies":[{"embeddable":true,"href":"https:\/\/www.gnllojistik.com.tr\/en\/wp-json\/wp\/v2\/comments?post=483"}],"version-history":[{"count":5,"href":"https:\/\/www.gnllojistik.com.tr\/en\/wp-json\/wp\/v2\/pages\/483\/revisions"}],"predecessor-version":[{"id":591,"href":"https:\/\/www.gnllojistik.com.tr\/en\/wp-json\/wp\/v2\/pages\/483\/revisions\/591"}],"wp:attachment":[{"href":"https:\/\/www.gnllojistik.com.tr\/en\/wp-json\/wp\/v2\/media?parent=483"}],"curies":[{"name":"wp","href":"https:\/\/api.w.org\/{rel}","templated":true}]}}