{"id":518,"date":"2021-12-31T17:50:42","date_gmt":"2021-12-31T14:50:42","guid":{"rendered":"https:\/\/www.gnllojistik.com.tr\/?page_id=518"},"modified":"2024-02-01T15:46:02","modified_gmt":"2024-02-01T12:46:02","slug":"konteyner-olculeri","status":"publish","type":"page","link":"https:\/\/www.gnllojistik.com.tr\/en\/konteyner-olculeri\/","title":{"rendered":"Container Dimensions"},"content":{"rendered":"<section class=\"vc_section vc_custom_1640961768815\"><\/section><div class=\"vc_row wpb_row row\"><div class=\"vc_column_container col-md-12\"><div class=\"wpb_wrapper vc_column-inner\">\n\t<div class=\"wpb_text_column wpb_content_element\" >\n\t\t<div class=\"wpb_wrapper\">\n\t\t\t<p>Komple Konteyner Y\u00fckleme (FCL) : Ta\u015f\u0131nacak y\u00fck\u00fcn fazla olmas\u0131 durumda konteyner komple doluyorsa (full) FCL y\u00fckleme yap\u0131lmaktad\u0131r. Bu durumda mal sahibi firma ile belli d\u00f6nemler i\u00e7in s\u00f6zle\u015fme yap\u0131labilmektedir.<\/p>\n<p>FCL y\u00fckler limana geldi\u011finde y\u00fck sahibi firma konteyneri kendi deposuna aktarabilece\u011fi gibi birmam\u0131z\u0131n sunmu\u015f oldu\u011fu g\u00fcmr\u00fckl\u00fc ve g\u00fcmr\u00fcks\u00fcz depolama hizmetlerinden faydalanabilir.<\/p>\n<p>Denizyolu Parsiyel Servis (LCL) : Ta\u015f\u0131nacak y\u00fck bir konteyneri doldurmuyorsa i\u00e7erisine iki yada daha fazla al\u0131c\u0131s\u0131 olan y\u00fckler y\u00fcklenerek denizyolu parsiyel servis hizmeti sunulmaktad\u0131r. Konteyner gerekli limana ula\u015ft\u0131\u011f\u0131nda, al\u0131c\u0131lar\u0131n g\u00fcmr\u00fck\u00e7\u00fclerine kontrol edilertek teslim edilir.<\/p>\n<p>FCL\/LCL: \u0130ki ya da daha fazla ihracat\u00e7\u0131n\u0131n y\u00fck\u00fc tek bir konteynere y\u00fcklenir ve ithalat\u00e7\u0131 tek firmad\u0131r.<\/p>\n<p>LCL\/FCL: Bir ihracat\u00e7\u0131 taraf\u0131ndan y\u00fcklenen konteyner de iki ya da daha fazla ithalat\u00e7\u0131n\u0131n y\u00fck\u00fc vard\u0131r.<\/p>\n<p>FCL\/FCL: Komple konteyner y\u00fck\u00fcn\u00fcn bir ihracat\u00e7\u0131s\u0131 ve bir ithalat\u00e7\u0131s\u0131 oldu\u011fu durumdur.<\/p>\n<p>LCL\/LCL: Konteynere y\u00fcklenen parsiyel y\u00fck\u00fcn bir ihracat\u00e7\u0131s\u0131 ve bir ithalat\u00e7\u0131s\u0131 oldu\u011fu durumdur.<\/p>\n\n\t\t<\/div>\n\t<\/div>\n<h2 style=\"text-align: center\" class=\"vc_custom_heading\">Container Dimensions<\/h2>\n\t<div class=\"wpb_single_image wpb_content_element vc_align_center  vc_custom_1640961800189\">\n\t\t<div class=\"wpb_wrapper\">\n\t\t\t\n\t\t\t<div class=\"vc_single_image-wrapper   vc_box_border_grey\"><img loading=\"lazy\" decoding=\"async\" width=\"560\" height=\"1373\" src=\"https:\/\/www.gnllojistik.com.tr\/wp-content\/uploads\/2021\/12\/Konteyner-olculeri.webp\" class=\"vc_single_image-img attachment-full\" alt=\"\" srcset=\"https:\/\/www.gnllojistik.com.tr\/wp-content\/uploads\/2021\/12\/Konteyner-olculeri.webp 560w, https:\/\/www.gnllojistik.com.tr\/wp-content\/uploads\/2021\/12\/Konteyner-olculeri-418x1024.webp 418w, https:\/\/www.gnllojistik.com.tr\/wp-content\/uploads\/2021\/12\/Konteyner-olculeri-400x981.webp 400w, https:\/\/www.gnllojistik.com.tr\/wp-content\/uploads\/2021\/12\/Konteyner-olculeri-367x900.webp 367w\" sizes=\"auto, (max-width: 560px) 100vw, 560px\" \/><\/div>\n\t\t<\/div>\n\t<\/div>\n<\/div><\/div><\/div>","protected":false},"excerpt":{"rendered":"Komple Konteyner Y\u00fckleme (FCL) : Ta\u015f\u0131nacak y\u00fck\u00fcn fazla olmas\u0131 durumda konteyner komple doluyorsa (full) FCL y\u00fckleme yap\u0131lmaktad\u0131r. Bu durumda mal sahibi firma ile belli d\u00f6nemler i\u00e7in s\u00f6zle\u015fme yap\u0131labilmektedir. FCL y\u00fckler limana geldi\u011finde y\u00fck sahibi firma konteyneri kendi deposuna aktarabilece\u011fi gibi birmam\u0131z\u0131n sunmu\u015f oldu\u011fu g\u00fcmr\u00fckl\u00fc ve g\u00fcmr\u00fcks\u00fcz depolama hizmetlerinden faydalanabilir. Denizyolu Parsiyel Servis (LCL) : Ta\u015f\u0131nacak [...]","protected":false},"author":1,"featured_media":0,"parent":0,"menu_order":0,"comment_status":"closed","ping_status":"closed","template":"","meta":{"footnotes":""},"class_list":["post-518","page","type-page","status-publish","hentry"],"_links":{"self":[{"href":"https:\/\/www.gnllojistik.com.tr\/en\/wp-json\/wp\/v2\/pages\/518","targetHints":{"allow":["GET"]}}],"collection":[{"href":"https:\/\/www.gnllojistik.com.tr\/en\/wp-json\/wp\/v2\/pages"}],"about":[{"href":"https:\/\/www.gnllojistik.com.tr\/en\/wp-json\/wp\/v2\/types\/page"}],"author":[{"embeddable":true,"href":"https:\/\/www.gnllojistik.com.tr\/en\/wp-json\/wp\/v2\/users\/1"}],"replies":[{"embeddable":true,"href":"https:\/\/www.gnllojistik.com.tr\/en\/wp-json\/wp\/v2\/comments?post=518"}],"version-history":[{"count":6,"href":"https:\/\/www.gnllojistik.com.tr\/en\/wp-json\/wp\/v2\/pages\/518\/revisions"}],"predecessor-version":[{"id":812,"href":"https:\/\/www.gnllojistik.com.tr\/en\/wp-json\/wp\/v2\/pages\/518\/revisions\/812"}],"wp:attachment":[{"href":"https:\/\/www.gnllojistik.com.tr\/en\/wp-json\/wp\/v2\/media?parent=518"}],"curies":[{"name":"wp","href":"https:\/\/api.w.org\/{rel}","templated":true}]}}