{"id":666,"date":"2024-01-31T12:41:29","date_gmt":"2024-01-31T09:41:29","guid":{"rendered":"https:\/\/www.gnllojistik.com.tr\/?page_id=666"},"modified":"2024-02-07T13:40:31","modified_gmt":"2024-02-07T10:40:31","slug":"avrupa-ulkeleri","status":"publish","type":"page","link":"https:\/\/www.gnllojistik.com.tr\/en\/avrupa-ulkeleri\/","title":{"rendered":"AVRUPA \u00dcLKELER\u0130"},"content":{"rendered":"<div class=\"vc_row wpb_row row\"><div class=\"vc_column_container col-md-8\"><div class=\"wpb_wrapper vc_column-inner\">\n\t<div class=\"wpb_text_column wpb_content_element\" >\n\t\t<div class=\"wpb_wrapper\">\n\t\t\t<p><span style=\"vertical-align: inherit;\"><span style=\"vertical-align: inherit;\"><span style=\"vertical-align: inherit;\"><span style=\"vertical-align: inherit;\"><span style=\"vertical-align: inherit;\"><span style=\"vertical-align: inherit;\"><span style=\"vertical-align: inherit;\"><span style=\"vertical-align: inherit;\"><span style=\"vertical-align: inherit;\"><span style=\"vertical-align: inherit;\"><span style=\"vertical-align: inherit;\"><span style=\"vertical-align: inherit;\"><span style=\"vertical-align: inherit;\"><span style=\"vertical-align: inherit;\"><span style=\"vertical-align: inherit;\"><span style=\"vertical-align: inherit;\"><span style=\"vertical-align: inherit;\"><span style=\"vertical-align: inherit;\"><\/p>\n\n\t\t<\/div>\n\t<\/div>\n\n\t<div class=\"wpb_text_column wpb_content_element\" >\n\t\t<div class=\"wpb_wrapper\">\n\t\t\t<p>Gnl \u0130nternational Logistics &amp; Solutions olarak Avrupa \u00dclkeleri i\u00e7in Komple ve Parsiyel ta\u015f\u0131mac\u0131l\u0131k (FTL &amp; LTL) ihtiya\u00e7lar\u0131n\u0131za uygun navlun lojistik hizmetleri vermeye devam ediyoruz.<\/p>\n\n\t\t<\/div>\n\t<\/div>\n<\/div><\/div><div class=\"vc_column_container col-md-4\"><div class=\"wpb_wrapper vc_column-inner\">\n\t<div class=\"wpb_single_image wpb_content_element vc_align_left\">\n\t\t<div class=\"wpb_wrapper\">\n\t\t\t\n\t\t\t<div class=\"vc_single_image-wrapper   vc_box_border_grey\"><img loading=\"lazy\" decoding=\"async\" width=\"300\" height=\"200\" src=\"https:\/\/www.gnllojistik.com.tr\/wp-content\/uploads\/2024\/02\/51IkWJZv4dL-300x200.jpg\" class=\"vc_single_image-img attachment-medium\" alt=\"\" \/><\/div>\n\t\t<\/div>\n\t<\/div>\n<\/div><\/div><\/div><div class=\"vc_row wpb_row row\"><div class=\"vc_column_container col-md-12\"><div class=\"wpb_wrapper vc_column-inner\"><h2 style=\"font-size: 1.5em;line-height: 1.3;font-family:Muli;font-weight:400;font-style:normal\" class=\"vc_custom_heading align-left\">Avrupa \u00dclkeleri Lojistik Hizmetleri<\/h2><div class=\"vc_message_box vc_message_box-standard vc_message_box-rounded vc_color-info\" ><div class=\"vc_message_box-icon\"><i class=\"fas fa-angle-double-right\"><\/i><\/div><p><\/span><\/span><\/span><\/span><\/span><\/span><\/span><\/span><\/span><\/span><\/span><\/span><\/span><\/span><\/span><\/span><\/span><\/span><\/p>\n<div>Kap\u0131dan Kap\u0131ya Ta\u015f\u0131malar<\/div>\n<div>Komple ve D\u00fczenli Parsiyel Y\u00fcklemeler<\/div>\n<div>Fuar ve Proje Y\u00fcklemeleri<\/div>\n<div>Storage Services<\/div>\n<div>\u0130\u00e7 Nakliye Hizmetleri<\/div>\n<div>Customs Clearance Services<\/div>\n<\/div><\/div><\/div><\/div><div class=\"vc_row wpb_row row\"><div class=\"vc_column_container col-md-12\"><div class=\"wpb_wrapper vc_column-inner\">\n\t<div class=\"wpb_text_column wpb_content_element\" >\n\t\t<div class=\"wpb_wrapper\">\n\t\t\t\n\t\t<\/div>\n\t<\/div>\n<h2 style=\"font-size: 1.5em;line-height: 1.3;font-family:Muli;font-weight:400;font-style:normal\" class=\"vc_custom_heading align-left\">Servis Verdi\u011fimiz Destinasyonlar<\/h2><div class=\"vc_message_box vc_message_box-standard vc_message_box-rounded vc_color-info\" ><div class=\"vc_message_box-icon\"><i class=\"fas fa-truck\"><\/i><\/div><div><strong>ALMANYA<\/strong><\/div>\n<div>Baden-W\u00fcrttemberg Eyaleti Stuttgart, Heidelberg, Mannheim , Karlsruhe, Ulm, Heilbronn, T\u00fcbingen, Reutlingen, Konstanz, Pforzheim, Freiburg<\/div>\n<div>Bavyera Eyaleti Amberg, Ansbach, Aschaffenburg, Augsburg , Bamberg, Bayreuth, Coburg, Erlangen, F\u00fcrth, Hof Ingolstadt Kaufbeuren ,Kempten, Landsberg am Lech ,Landshut, Memmingen, M\u00fcnih, N\u00fcrnberg, Passau, Regensburg, Rosenheim, Schwabach, SchweinfurtStraubing, Weiden, W\u00fcrzburg,Berlin Eyaleti,Brandenburg Eyaleti,Bremen Eyaleti ,Hamburg Eyaleti ,Hessen Eyaleti,Mecklenburg-Vorpommern Eyaleti ,A\u015fa\u011f\u0131 Saksonya Eyaleti ,Kuzey Ren-Vestfalya Eyaleti ,Rheinland-Pfalz Eyaleti ,Saarland Eyaleti<\/div>\n<div><\/div>\n<div><strong>AVUSTURYA<\/strong><\/div>\n<div>Viyana,Salzburg,Burgenland,Karitinya,Tirol,Graz ,Linz,Vorarlberg,Steiermark,Niederoesterreich,Oberoesterreich<\/div>\n<div><\/div>\n<div><strong>BEL\u00c7\u0130KA<\/strong> ,Aalter,Anvers,Antwerpen,Beringen,Brugge,Br\u00fcksel,Gent,Hasselt,Knokkeheist,Kortrijk,Leuven,Li\u00e8ge,Mechelen,Mol,Mons,Namur,Oostende,Oudenaarde,Tournai,Verviers<\/div>\n<div><\/div>\n<div><strong>FRANSA<\/strong><\/div>\n<div>Paris,Marsilya,Lyon,Nis ,Nantes,Toulouse,Strazburg,Bordeaux ,Lille ,Saint-etienne,Le mans,Metz,Nancy,Cannes,Angers,Dijon,Montpellier<\/div>\n<div><\/div>\n<div><strong>HOLLANDA<\/strong><\/div>\n<div>Arnheim,Apeldoorn,Almelo,Amsterdam,Amersfoort,Breda,Deventer,Den haag ,Dordrecht,Eindhoven,Enschede,Emmen,Groningen,Haarlemmermeer,Hengelo,Helmond,Utrecht,Leiden,Lelystad,Maastricht,Moerdijk,Nijmegen,Rotterdam,Schippol,S-hertogenbosch,Sittard-geleen,Tilburg,Venlo,Westland,Zaanstad,Zoetermeer ,Zwolle<\/div>\n<div><\/div>\n<div><strong>POLONYA<\/strong><\/div>\n<div>Wroclaw, Bydgoszcz\/Torun, \u0141\u00f3d\u017a, Lublin, Gorz\u00f3w Wielkopolski\/Zielona G\u00f3ra, Krak\u00f3w, Var\u015fova,\u00a0Opole, Rzesz\u00f3w, Bia\u0142ystok, Gda\u0144sk, Katowice, Kielce, Olsztyn, Pozna\u0144,Szczecin<\/div>\n<div><\/div>\n<div><strong>\u0130NG\u0130LTERE<\/strong><\/div>\n<div>Londra, Cambridge, Oxford, Manchester, Bristol, Liverpool, York, Bath, Bournemouth, Nottingham, Brighton, Birmingham, Sheffield, Chester, Leeds, Portshmouth, Leicester, Salisbury, Conventry, Cantenbury, Derby, Plymouth<\/div>\n<\/div><\/div><\/div><\/div>","protected":false},"excerpt":{"rendered":"Gnl \u0130nternational Logistics &amp; Solutions olarak Avrupa \u00dclkeleri i\u00e7in Komple ve Parsiyel ta\u015f\u0131mac\u0131l\u0131k (FTL &amp; LTL) ihtiya\u00e7lar\u0131n\u0131za uygun navlun lojistik hizmetleri vermeye devam ediyoruz. Avrupa \u00dclkeleri Lojistik Hizmetleri Kap\u0131dan Kap\u0131ya Ta\u015f\u0131malar Komple ve D\u00fczenli Parsiyel Y\u00fcklemeler Fuar ve Proje Y\u00fcklemeleri Depolama Hizmetleri \u0130\u00e7 Nakliye Hizmetleri G\u00fcmr\u00fckleme Hizmetleri Servis Verdi\u011fimiz DestinasyonlarALMANYA Baden-W\u00fcrttemberg Eyaleti Stuttgart, Heidelberg, Mannheim [...]","protected":false},"author":1,"featured_media":0,"parent":0,"menu_order":0,"comment_status":"closed","ping_status":"closed","template":"","meta":{"footnotes":""},"class_list":["post-666","page","type-page","status-publish","hentry"],"_links":{"self":[{"href":"https:\/\/www.gnllojistik.com.tr\/en\/wp-json\/wp\/v2\/pages\/666","targetHints":{"allow":["GET"]}}],"collection":[{"href":"https:\/\/www.gnllojistik.com.tr\/en\/wp-json\/wp\/v2\/pages"}],"about":[{"href":"https:\/\/www.gnllojistik.com.tr\/en\/wp-json\/wp\/v2\/types\/page"}],"author":[{"embeddable":true,"href":"https:\/\/www.gnllojistik.com.tr\/en\/wp-json\/wp\/v2\/users\/1"}],"replies":[{"embeddable":true,"href":"https:\/\/www.gnllojistik.com.tr\/en\/wp-json\/wp\/v2\/comments?post=666"}],"version-history":[{"count":15,"href":"https:\/\/www.gnllojistik.com.tr\/en\/wp-json\/wp\/v2\/pages\/666\/revisions"}],"predecessor-version":[{"id":909,"href":"https:\/\/www.gnllojistik.com.tr\/en\/wp-json\/wp\/v2\/pages\/666\/revisions\/909"}],"wp:attachment":[{"href":"https:\/\/www.gnllojistik.com.tr\/en\/wp-json\/wp\/v2\/media?parent=666"}],"curies":[{"name":"wp","href":"https:\/\/api.w.org\/{rel}","templated":true}]}}